{"id":256945,"date":"2022-04-28T07:46:25","date_gmt":"2022-04-28T07:46:25","guid":{"rendered":"https:\/\/hb.utm.lv\/holzleisten\/bogenleisten\/"},"modified":"2022-05-18T08:17:21","modified_gmt":"2022-05-18T08:17:21","slug":"bogenleisten","status":"publish","type":"page","link":"https:\/\/hornbaekbaltic.com\/de\/holzleisten\/bogenleisten\/","title":{"rendered":"Bogenleisten"},"content":{"rendered":"<p>[et_pb_section fb_built=&#8220;1&#8243; fullwidth=&#8220;on&#8220; _builder_version=&#8220;4.17.3&#8243; bottom_divider_style=&#8220;slant&#8220; bottom_divider_color=&#8220;#FFFFFF&#8220; bottom_divider_flip=&#8220;horizontal&#8220; da_disable_devices=&#8220;off|off|off&#8220; locked=&#8220;off&#8220; global_colors_info=&#8220;{}&#8220; da_is_popup=&#8220;off&#8220; da_exit_intent=&#8220;off&#8220; da_has_close=&#8220;on&#8220; da_alt_close=&#8220;off&#8220; da_dark_close=&#8220;off&#8220; da_not_modal=&#8220;on&#8220; da_is_singular=&#8220;off&#8220; da_with_loader=&#8220;off&#8220; da_has_shadow=&#8220;on&#8220;][et_pb_fullwidth_header title=&#8220;Bogenleisten&#8220; text_orientation=&#8220;center&#8220; background_overlay_color=&#8220;rgba(52,81,104,0.43)&#8220; _builder_version=&#8220;4.17.3&#8243; title_font=&#8220;Lato|700|||||||&#8220; title_font_size=&#8220;46px&#8220; title_line_height=&#8220;1.5em&#8220; content_font=&#8220;Lato||||||||&#8220; content_font_size=&#8220;20px&#8220; content_line_height=&#8220;1.8em&#8220; subhead_font=&#8220;Lato|700|||||||&#8220; subhead_font_size=&#8220;25px&#8220; subhead_line_height=&#8220;1.5em&#8220; background_enable_color=&#8220;off&#8220; background_image=&#8220;https:\/\/hornbaekbaltic.com\/wp-content\/uploads\/2022\/05\/DSC_0758.webp&#8220; custom_margin=&#8220;|||&#8220; custom_padding=&#8220;5vw||150px||false&#8220; animation_style=&#8220;slide&#8220; animation_direction=&#8220;top&#8220; animation_intensity_slide=&#8220;2%&#8220; title_font_size_tablet=&#8220;36px&#8220; title_font_size_phone=&#8220;&#8220; title_font_size_last_edited=&#8220;on|phone&#8220; global_colors_info=&#8220;{}&#8220; button_one_text_size__hover_enabled=&#8220;off&#8220; button_two_text_size__hover_enabled=&#8220;off&#8220; button_one_text_color__hover_enabled=&#8220;off&#8220; button_two_text_color__hover_enabled=&#8220;off&#8220; button_one_border_width__hover_enabled=&#8220;off&#8220; button_two_border_width__hover_enabled=&#8220;off&#8220; button_one_border_color__hover_enabled=&#8220;off&#8220; button_two_border_color__hover_enabled=&#8220;off&#8220; button_one_border_radius__hover_enabled=&#8220;off&#8220; button_two_border_radius__hover_enabled=&#8220;off&#8220; button_one_letter_spacing__hover_enabled=&#8220;off&#8220; button_two_letter_spacing__hover_enabled=&#8220;off&#8220; button_one_bg_color__hover_enabled=&#8220;off&#8220; button_two_bg_color__hover_enabled=&#8220;off&#8220;][\/et_pb_fullwidth_header][\/et_pb_section][et_pb_section fb_built=&#8220;1&#8243; next_background_color=&#8220;#ffd088&#8243; admin_label=&#8220;About Me&#8220; _builder_version=&#8220;4.16&#8243; _module_preset=&#8220;default&#8220; background_color=&#8220;#ffffff&#8220; custom_padding=&#8220;||150px||false|false&#8220; bottom_divider_style=&#8220;slant&#8220; bottom_divider_flip=&#8220;horizontal&#8220; da_disable_devices=&#8220;off|off|off&#8220; global_colors_info=&#8220;{}&#8220; da_is_popup=&#8220;off&#8220; da_exit_intent=&#8220;off&#8220; da_has_close=&#8220;on&#8220; da_alt_close=&#8220;off&#8220; da_dark_close=&#8220;off&#8220; da_not_modal=&#8220;on&#8220; da_is_singular=&#8220;off&#8220; da_with_loader=&#8220;off&#8220; da_has_shadow=&#8220;on&#8220;][et_pb_row column_structure=&#8220;1_2,1_2&#8243; use_custom_gutter=&#8220;on&#8220; gutter_width=&#8220;2&#8243; make_equal=&#8220;on&#8220; _builder_version=&#8220;4.17.3&#8243; _module_preset=&#8220;default&#8220; custom_margin=&#8220;||||false|false&#8220; global_colors_info=&#8220;{}&#8220;][et_pb_column type=&#8220;1_2&#8243; _builder_version=&#8220;4.17.1&#8243; _module_preset=&#8220;default&#8220; global_colors_info=&#8220;{}&#8220;][et_pb_image src=&#8220;https:\/\/hornbaekbaltic.com\/wp-content\/uploads\/2022\/04\/0K1A8137-Edit-copy.jpg&#8220; title_text=&#8220;0K1A8137-Edit copy&#8220; show_in_lightbox=&#8220;on&#8220; use_overlay=&#8220;on&#8220; overlay_icon_color=&#8220;#E09900&#8243; hover_icon=&#8220;&#x54;||divi||400&#8243; align=&#8220;center&#8220; _builder_version=&#8220;4.17.3&#8243; _module_preset=&#8220;default&#8220; width=&#8220;73%&#8220; module_alignment=&#8220;center&#8220; custom_margin=&#8220;0px|0px|0px|0px|false|true&#8220; global_colors_info=&#8220;{}&#8220; src__hover_enabled=&#8220;on|desktop&#8220; src__hover=&#8220;https:\/\/hornbaekbaltic.com\/wp-content\/uploads\/2022\/04\/0K1A8127.png&#8220;][\/et_pb_image][et_pb_toggle title=&#8220;Produktbeschreibung&#8220; open=&#8220;on&#8220; open_toggle_text_color=&#8220;#ffb356&#8243; open_toggle_background_color=&#8220;#f5f5f5&#8243; closed_toggle_background_color=&#8220;#f5f5f5&#8243; icon_color=&#8220;#345168&#8243; toggle_icon=&#8220;&#x22;||divi||400&#8243; open_icon_color=&#8220;#ffb356&#8243; open_toggle_icon=&#8220;&#x21;||divi||400&#8243; _builder_version=&#8220;4.17.3&#8243; _module_preset=&#8220;default&#8220; title_font=&#8220;Lato|700|||||||&#8220; title_line_height=&#8220;1.5em&#8220; body_font=&#8220;||||||||&#8220; body_font_size=&#8220;16px&#8220; body_line_height=&#8220;2em&#8220; custom_margin=&#8220;0px|0px|0px|0px|false|true&#8220; custom_padding=&#8220;||||false|false&#8220; animation_style=&#8220;slide&#8220; animation_direction=&#8220;top&#8220; animation_intensity_slide=&#8220;10%&#8220; border_width_all=&#8220;0px&#8220; locked=&#8220;off&#8220; global_colors_info=&#8220;{}&#8220;]<\/p>\n<table class=\"responsive-table\" style=\"width: 220px;\">\n<colgroup width=\"107\"><\/colgroup>\n<colgroup width=\"136\"><\/colgroup>\n<colgroup span=\"2\" width=\"107\"><\/colgroup>\n<tbody>\n<tr>\n<td height=\"23\" align=\"center\" style=\"width: 103px;\"><span style=\"color: #7b7b7b; font-family: Calibri;\">Gr\u00f6\u00dfe<\/span><\/td>\n<td align=\"center\" style=\"width: 132px;\"><span style=\"color: #7b7b7b; font-family: Calibri;\">L\u00e4nge<\/span><\/td>\n<td align=\"center\" style=\"width: 105px;\"><span style=\"color: #7b7b7b; font-family: Calibri;\">Code\/Titel<\/span><\/td>\n<td align=\"center\" style=\"width: 103px;\"><span style=\"color: #7b7b7b; font-family: Calibri;\">Farbe <\/span><\/td>\n<\/tr>\n<tr>\n<td height=\"23\" align=\"center\" style=\"width: 103px;\"><span style=\"color: #7b7b7b; font-family: Calibri;\">16&#215;70<\/span><\/td>\n<td align=\"center\" style=\"width: 132px;\"><span style=\"color: #7b7b7b; font-family: Calibri;\">2200\/3600\/4450<\/span><\/td>\n<td align=\"center\" style=\"width: 105px;\"><span style=\"color: #7b7b7b; font-family: Calibri;\">H2<\/span><\/td>\n<td align=\"center\" style=\"width: 103px;\"><span style=\"color: #7b7b7b; font-family: Calibri;\">NCSS0502Y<\/span><\/td>\n<\/tr>\n<\/tbody>\n<\/table>\n<p>[\/et_pb_toggle][\/et_pb_column][et_pb_column type=&#8220;1_2&#8243; _builder_version=&#8220;4.17.1&#8243; _module_preset=&#8220;default&#8220; global_colors_info=&#8220;{}&#8220;][et_pb_image src=&#8220;https:\/\/hornbaekbaltic.com\/wp-content\/uploads\/2022\/04\/0K1A8109-Edit-copy.jpg&#8220; title_text=&#8220;0K1A8109-Edit copy&#8220; show_in_lightbox=&#8220;on&#8220; use_overlay=&#8220;on&#8220; overlay_icon_color=&#8220;#E09900&#8243; hover_icon=&#8220;&#x54;||divi||400&#8243; align=&#8220;center&#8220; _builder_version=&#8220;4.17.4&#8243; _module_preset=&#8220;default&#8220; width=&#8220;73%&#8220; module_alignment=&#8220;center&#8220; custom_margin=&#8220;0px|0px|0px|0px|false|true&#8220; global_colors_info=&#8220;{}&#8220;][\/et_pb_image][et_pb_toggle title=&#8220;Produktbeschreibung&#8220; open=&#8220;on&#8220; open_toggle_text_color=&#8220;#ffb356&#8243; open_toggle_background_color=&#8220;#f5f5f5&#8243; closed_toggle_background_color=&#8220;#f5f5f5&#8243; icon_color=&#8220;#345168&#8243; toggle_icon=&#8220;&#x22;||divi||400&#8243; open_icon_color=&#8220;#ffb356&#8243; open_toggle_icon=&#8220;&#x21;||divi||400&#8243; _builder_version=&#8220;4.17.3&#8243; _module_preset=&#8220;default&#8220; title_font=&#8220;Lato|700|||||||&#8220; title_line_height=&#8220;1.5em&#8220; body_font=&#8220;||||||||&#8220; body_font_size=&#8220;16px&#8220; body_line_height=&#8220;2em&#8220; custom_margin=&#8220;0px|0px|0px|0px|false|true&#8220; custom_padding=&#8220;||||false|false&#8220; animation_style=&#8220;slide&#8220; animation_direction=&#8220;top&#8220; animation_intensity_slide=&#8220;10%&#8220; border_width_all=&#8220;0px&#8220; locked=&#8220;off&#8220; global_colors_info=&#8220;{}&#8220;]<\/p>\n<table class=\"responsive-table\" style=\"width: 220px;\">\n<colgroup width=\"107\"><\/colgroup>\n<colgroup width=\"136\"><\/colgroup>\n<colgroup span=\"2\" width=\"107\"><\/colgroup>\n<tbody>\n<tr>\n<td height=\"23\" align=\"center\" style=\"width: 47px;\"><span style=\"color: #7b7b7b; font-family: Calibri;\">Size<\/span><\/td>\n<td align=\"center\" style=\"width: 109px;\"><span style=\"color: #7b7b7b; font-family: Calibri;\">Length (mm)<\/span><\/td>\n<td align=\"center\" style=\"width: 66px;\"><span style=\"color: #7b7b7b; font-family: Calibri;\">Code\/title<\/span><\/td>\n<td align=\"center\" style=\"width: 57px;\"><span style=\"color: #7b7b7b; font-family: Calibri;\">Paint <\/span><\/td>\n<\/tr>\n<tr>\n<td height=\"23\" align=\"center\" style=\"width: 47px;\"><span style=\"color: #7b7b7b; font-family: Calibri;\">9&#215;55<\/span><\/td>\n<td align=\"center\" style=\"width: 109px;\"><span style=\"color: #7b7b7b; font-family: Calibri;\">2200\/3600\/4450<\/span><\/td>\n<td align=\"center\" style=\"width: 66px;\"><span style=\"color: #7b7b7b; font-family: Calibri;\">H53<\/span><\/td>\n<td align=\"center\" style=\"width: 57px;\"><span style=\"color: #7b7b7b; font-family: Calibri;\">NCSS0502Y<\/span><\/td>\n<\/tr>\n<\/tbody>\n<\/table>\n<p>[\/et_pb_toggle][\/et_pb_column][\/et_pb_row][et_pb_row column_structure=&#8220;1_2,1_2&#8243; use_custom_gutter=&#8220;on&#8220; gutter_width=&#8220;2&#8243; make_equal=&#8220;on&#8220; _builder_version=&#8220;4.17.3&#8243; _module_preset=&#8220;default&#8220; global_colors_info=&#8220;{}&#8220;][et_pb_column type=&#8220;1_2&#8243; _builder_version=&#8220;4.17.1&#8243; _module_preset=&#8220;default&#8220; global_colors_info=&#8220;{}&#8220;][et_pb_image src=&#8220;https:\/\/hornbaekbaltic.com\/wp-content\/uploads\/2022\/04\/0K1A8115-Edit-copy.jpg&#8220; title_text=&#8220;0K1A8115-Edit copy&#8220; show_in_lightbox=&#8220;on&#8220; use_overlay=&#8220;on&#8220; overlay_icon_color=&#8220;#E09900&#8243; hover_icon=&#8220;&#x54;||divi||400&#8243; align=&#8220;center&#8220; _builder_version=&#8220;4.17.3&#8243; _module_preset=&#8220;default&#8220; width=&#8220;73%&#8220; module_alignment=&#8220;center&#8220; custom_margin=&#8220;0px|0px|0px|0px|false|true&#8220; global_colors_info=&#8220;{}&#8220; src__hover_enabled=&#8220;on|desktop&#8220; src__hover=&#8220;https:\/\/hornbaekbaltic.com\/wp-content\/uploads\/2022\/04\/0K1A8115-Edit-copy.jpg&#8220;][\/et_pb_image][et_pb_toggle title=&#8220;Produktbeschreibung&#8220; open=&#8220;on&#8220; open_toggle_text_color=&#8220;#ffb356&#8243; open_toggle_background_color=&#8220;#f5f5f5&#8243; closed_toggle_background_color=&#8220;#f5f5f5&#8243; icon_color=&#8220;#345168&#8243; toggle_icon=&#8220;&#x22;||divi||400&#8243; open_icon_color=&#8220;#ffb356&#8243; open_toggle_icon=&#8220;&#x21;||divi||400&#8243; _builder_version=&#8220;4.17.4&#8243; _module_preset=&#8220;default&#8220; title_font=&#8220;Lato|700|||||||&#8220; title_line_height=&#8220;1.5em&#8220; body_font=&#8220;||||||||&#8220; body_font_size=&#8220;16px&#8220; body_line_height=&#8220;2em&#8220; custom_margin=&#8220;0px|0px|0px|0px|false|true&#8220; custom_padding=&#8220;||||false|false&#8220; animation_style=&#8220;slide&#8220; animation_direction=&#8220;top&#8220; animation_intensity_slide=&#8220;10%&#8220; border_width_all=&#8220;0px&#8220; locked=&#8220;off&#8220; global_colors_info=&#8220;{}&#8220;]<\/p>\n<table class=\"responsive-table\" style=\"width: 220px;\">\n<colgroup width=\"107\"><\/colgroup>\n<colgroup width=\"136\"><\/colgroup>\n<colgroup span=\"2\" width=\"107\"><\/colgroup>\n<tbody>\n<tr>\n<td height=\"23\" align=\"center\" style=\"width: 103px;\"><span style=\"color: #7b7b7b; font-family: Calibri;\">Size<\/span><\/td>\n<td align=\"center\" style=\"width: 132px;\"><span style=\"color: #7b7b7b; font-family: Calibri;\">Length (mm)<\/span><\/td>\n<td align=\"center\" style=\"width: 105px;\"><span style=\"color: #7b7b7b; font-family: Calibri;\">Code\/title<\/span><\/td>\n<td align=\"center\" style=\"width: 103px;\"><span style=\"color: #7b7b7b; font-family: Calibri;\">Paint <\/span><\/td>\n<\/tr>\n<tr>\n<td height=\"23\" align=\"center\" style=\"width: 103px;\"><span style=\"color: #7b7b7b; font-family: Calibri;\">18&#215;70<\/span><\/td>\n<td align=\"center\" style=\"width: 132px;\"><span style=\"color: #7b7b7b; font-family: Calibri;\">2200\/3600\/4450<\/span><\/td>\n<td align=\"center\" sdval=\"81902\" sdnum=\"1062;\" style=\"width: 105px;\"><span style=\"color: #7b7b7b; font-family: Calibri;\">81908<\/span><\/td>\n<td align=\"center\" style=\"width: 103px;\"><span style=\"color: #7b7b7b; font-family: Calibri;\">NCSS0502Y<\/span><\/td>\n<\/tr>\n<\/tbody>\n<\/table>\n<p>[\/et_pb_toggle][\/et_pb_column][et_pb_column type=&#8220;1_2&#8243; _builder_version=&#8220;4.17.1&#8243; _module_preset=&#8220;default&#8220; global_colors_info=&#8220;{}&#8220;][et_pb_image src=&#8220;https:\/\/hornbaekbaltic.com\/wp-content\/uploads\/2022\/04\/0K1A8109-Edit-copy.jpg&#8220; title_text=&#8220;0K1A8109-Edit copy&#8220; show_in_lightbox=&#8220;on&#8220; use_overlay=&#8220;on&#8220; overlay_icon_color=&#8220;#E09900&#8243; hover_icon=&#8220;&#x54;||divi||400&#8243; align=&#8220;center&#8220; _builder_version=&#8220;4.17.3&#8243; _module_preset=&#8220;default&#8220; width=&#8220;73%&#8220; module_alignment=&#8220;center&#8220; custom_margin=&#8220;0px|0px|0px|0px|false|true&#8220; global_colors_info=&#8220;{}&#8220;][\/et_pb_image][et_pb_toggle title=&#8220;Produktbeschreibung&#8220; open=&#8220;on&#8220; open_toggle_text_color=&#8220;#ffb356&#8243; open_toggle_background_color=&#8220;#f5f5f5&#8243; closed_toggle_background_color=&#8220;#f5f5f5&#8243; icon_color=&#8220;#345168&#8243; toggle_icon=&#8220;&#x22;||divi||400&#8243; open_icon_color=&#8220;#ffb356&#8243; open_toggle_icon=&#8220;&#x21;||divi||400&#8243; _builder_version=&#8220;4.17.3&#8243; _module_preset=&#8220;default&#8220; title_font=&#8220;Lato|700|||||||&#8220; title_line_height=&#8220;1.5em&#8220; body_font=&#8220;||||||||&#8220; body_font_size=&#8220;16px&#8220; body_line_height=&#8220;2em&#8220; custom_margin=&#8220;0px|0px|0px|0px|false|true&#8220; custom_padding=&#8220;||||false|false&#8220; animation_style=&#8220;slide&#8220; animation_direction=&#8220;top&#8220; animation_intensity_slide=&#8220;10%&#8220; border_width_all=&#8220;0px&#8220; locked=&#8220;off&#8220; global_colors_info=&#8220;{}&#8220;]<\/p>\n<table class=\"responsive-table\" style=\"width: 220px;\">\n<colgroup width=\"107\"><\/colgroup>\n<colgroup width=\"136\"><\/colgroup>\n<colgroup span=\"2\" width=\"107\"><\/colgroup>\n<tbody>\n<tr>\n<td height=\"23\" align=\"center\" style=\"width: 31px;\"><span style=\"color: #7b7b7b; font-family: Calibri;\">Size<\/span><\/td>\n<td align=\"center\" style=\"width: 109px;\"><span style=\"color: #7b7b7b; font-family: Calibri;\">Length (mm)<\/span><\/td>\n<td align=\"center\" style=\"width: 65px;\"><span style=\"color: #7b7b7b; font-family: Calibri;\">Code\/title<\/span><\/td>\n<td align=\"center\" style=\"width: 73px;\"><span style=\"color: #7b7b7b; font-family: Calibri;\">Paint <\/span><\/td>\n<\/tr>\n<tr>\n<td height=\"23\" align=\"center\" style=\"width: 31px;\"><span style=\"color: #7b7b7b; font-family: Calibri;\">10&#215;58<\/span><\/td>\n<td align=\"center\" style=\"width: 109px;\"><span style=\"color: #7b7b7b; font-family: Calibri;\">2200\/3600\/4450<\/span><\/td>\n<td align=\"center\" sdval=\"81005\" sdnum=\"1062;\" style=\"width: 65px;\"><span style=\"color: #7b7b7b; font-family: Calibri;\">81005<\/span><\/td>\n<td align=\"center\" style=\"width: 73px;\"><span style=\"color: #7b7b7b; font-family: Calibri;\">NCSS0502Y<\/span><\/td>\n<\/tr>\n<tr>\n<td height=\"23\" align=\"center\" style=\"width: 31px;\"><span style=\"color: #7b7b7b; font-family: Calibri;\">12&#215;58<\/span><\/td>\n<td align=\"center\" style=\"width: 109px;\"><span style=\"color: #7b7b7b; font-family: Calibri;\">2200\/3600\/4450<\/span><\/td>\n<td align=\"center\" sdval=\"81030\" sdnum=\"1062;\" style=\"width: 65px;\"><span style=\"color: #7b7b7b; font-family: Calibri;\">81030<\/span><\/td>\n<td align=\"center\" style=\"width: 73px;\"><span style=\"color: #7b7b7b; font-family: Calibri;\">NCSS0502Y<\/span><\/td>\n<\/tr>\n<tr>\n<td height=\"23\" align=\"center\" style=\"width: 31px;\"><span style=\"color: #7b7b7b; font-family: Calibri;\">10&#215;70<\/span><\/td>\n<td align=\"center\" style=\"width: 109px;\"><span style=\"color: #7b7b7b; font-family: Calibri;\">2200\/3600\/4450<\/span><\/td>\n<td align=\"center\" sdval=\"81017\" sdnum=\"1062;\" style=\"width: 65px;\"><span style=\"color: #7b7b7b; font-family: Calibri;\">81017<\/span><\/td>\n<td align=\"center\" style=\"width: 73px;\"><span style=\"color: #7b7b7b; font-family: Calibri;\">NCSS0502Y<\/span><\/td>\n<\/tr>\n<tr>\n<td height=\"23\" align=\"center\" style=\"width: 31px;\"><span style=\"color: #7b7b7b; font-family: Calibri;\">12&#215;70<\/span><\/td>\n<td align=\"center\" style=\"width: 109px;\"><span style=\"color: #7b7b7b; font-family: Calibri;\">2200\/3600\/4450<\/span><\/td>\n<td align=\"center\" sdval=\"81032\" sdnum=\"1062;\" style=\"width: 65px;\"><span style=\"color: #7b7b7b; font-family: Calibri;\">81032<\/span><\/td>\n<td align=\"center\" style=\"width: 73px;\"><span style=\"color: #7b7b7b; font-family: Calibri;\">NCSS0502Y<\/span><\/td>\n<\/tr>\n<\/tbody>\n<\/table>\n<p>[\/et_pb_toggle][\/et_pb_column][\/et_pb_row][et_pb_row column_structure=&#8220;1_2,1_2&#8243; use_custom_gutter=&#8220;on&#8220; gutter_width=&#8220;2&#8243; make_equal=&#8220;on&#8220; _builder_version=&#8220;4.17.3&#8243; _module_preset=&#8220;default&#8220; global_colors_info=&#8220;{}&#8220;][et_pb_column type=&#8220;1_2&#8243; _builder_version=&#8220;4.17.1&#8243; _module_preset=&#8220;default&#8220; global_colors_info=&#8220;{}&#8220;][et_pb_image src=&#8220;https:\/\/hornbaekbaltic.com\/wp-content\/uploads\/2022\/04\/0K1A8125-Edit-copy.jpg&#8220; title_text=&#8220;0K1A8125-Edit copy&#8220; show_in_lightbox=&#8220;on&#8220; use_overlay=&#8220;on&#8220; overlay_icon_color=&#8220;#E09900&#8243; hover_icon=&#8220;&#x54;||divi||400&#8243; align=&#8220;center&#8220; _builder_version=&#8220;4.17.3&#8243; _module_preset=&#8220;default&#8220; width=&#8220;73%&#8220; module_alignment=&#8220;center&#8220; custom_margin=&#8220;0px|0px|0px|0px|false|true&#8220; global_colors_info=&#8220;{}&#8220; src__hover_enabled=&#8220;on|desktop&#8220; src__hover=&#8220;https:\/\/hornbaekbaltic.com\/wp-content\/uploads\/2022\/04\/0K1A8127.png&#8220;][\/et_pb_image][et_pb_toggle title=&#8220;Produktbeschreibung&#8220; open=&#8220;on&#8220; open_toggle_text_color=&#8220;#ffb356&#8243; open_toggle_background_color=&#8220;#f5f5f5&#8243; closed_toggle_background_color=&#8220;#f5f5f5&#8243; icon_color=&#8220;#345168&#8243; toggle_icon=&#8220;&#x22;||divi||400&#8243; open_icon_color=&#8220;#ffb356&#8243; open_toggle_icon=&#8220;&#x21;||divi||400&#8243; _builder_version=&#8220;4.17.3&#8243; _module_preset=&#8220;default&#8220; title_font=&#8220;Lato|700|||||||&#8220; title_line_height=&#8220;1.5em&#8220; body_font=&#8220;||||||||&#8220; body_font_size=&#8220;16px&#8220; body_line_height=&#8220;2em&#8220; custom_margin=&#8220;0px|0px|0px|0px|false|true&#8220; custom_padding=&#8220;||||false|false&#8220; animation_style=&#8220;slide&#8220; animation_direction=&#8220;top&#8220; animation_intensity_slide=&#8220;10%&#8220; border_width_all=&#8220;0px&#8220; locked=&#8220;off&#8220; global_colors_info=&#8220;{}&#8220;]<\/p>\n<table class=\"responsive-table\" style=\"width: 220px;\">\n<colgroup width=\"107\"><\/colgroup>\n<colgroup width=\"136\"><\/colgroup>\n<colgroup span=\"2\" width=\"107\"><\/colgroup>\n<tbody>\n<tr>\n<td height=\"23\" align=\"center\" style=\"width: 103px;\"><span style=\"color: #7b7b7b; font-family: Calibri;\">Size<\/span><\/td>\n<td align=\"center\" style=\"width: 132px;\"><span style=\"color: #7b7b7b; font-family: Calibri;\">Length (mm)<\/span><\/td>\n<td align=\"center\" style=\"width: 105px;\"><span style=\"color: #7b7b7b; font-family: Calibri;\">Code\/title<\/span><\/td>\n<td align=\"center\" style=\"width: 103px;\"><span style=\"color: #7b7b7b; font-family: Calibri;\">Paint <\/span><\/td>\n<\/tr>\n<tr>\n<td height=\"23\" align=\"center\" style=\"width: 103px;\"><span style=\"color: #7b7b7b; font-family: Calibri;\">15&#215;68<\/span><\/td>\n<td align=\"center\" style=\"width: 132px;\"><span style=\"color: #7b7b7b; font-family: Calibri;\">2200\/3600\/4450<\/span><\/td>\n<td align=\"center\" style=\"width: 105px;\"><span style=\"color: #7b7b7b; font-family: Calibri;\">H18<\/span><\/td>\n<td align=\"center\" style=\"width: 103px;\"><span style=\"color: #7b7b7b; font-family: Calibri;\">NCSS0502Y<\/span><\/td>\n<\/tr>\n<tr>\n<td height=\"23\" align=\"center\" style=\"width: 103px;\"><span style=\"color: #7b7b7b; font-family: Calibri;\">15&#215;91<\/span><\/td>\n<td align=\"center\" style=\"width: 132px;\"><span style=\"color: #7b7b7b; font-family: Calibri;\">2200\/3600\/4450<\/span><\/td>\n<td align=\"center\" style=\"width: 105px;\"><span style=\"color: #7b7b7b; font-family: Calibri;\">H19<\/span><\/td>\n<td align=\"center\" style=\"width: 103px;\"><span style=\"color: #7b7b7b; font-family: Calibri;\">NCSS0502Y<\/span><\/td>\n<\/tr>\n<\/tbody>\n<\/table>\n<p>[\/et_pb_toggle][\/et_pb_column][et_pb_column type=&#8220;1_2&#8243; _builder_version=&#8220;4.17.1&#8243; _module_preset=&#8220;default&#8220; global_colors_info=&#8220;{}&#8220;][et_pb_image src=&#8220;https:\/\/hornbaekbaltic.com\/wp-content\/uploads\/2022\/04\/0K1A8136-Edit-copy.jpg&#8220; title_text=&#8220;0K1A8136-Edit copy&#8220; show_in_lightbox=&#8220;on&#8220; use_overlay=&#8220;on&#8220; overlay_icon_color=&#8220;#E09900&#8243; hover_icon=&#8220;&#x54;||divi||400&#8243; align=&#8220;center&#8220; _builder_version=&#8220;4.17.4&#8243; _module_preset=&#8220;default&#8220; width=&#8220;73%&#8220; module_alignment=&#8220;center&#8220; custom_margin=&#8220;0px|0px|0px|0px|false|true&#8220; global_colors_info=&#8220;{}&#8220;][\/et_pb_image][et_pb_toggle title=&#8220;Produktbeschreibung&#8220; open=&#8220;on&#8220; open_toggle_text_color=&#8220;#ffb356&#8243; open_toggle_background_color=&#8220;#f5f5f5&#8243; closed_toggle_background_color=&#8220;#f5f5f5&#8243; icon_color=&#8220;#345168&#8243; toggle_icon=&#8220;&#x22;||divi||400&#8243; open_icon_color=&#8220;#ffb356&#8243; open_toggle_icon=&#8220;&#x21;||divi||400&#8243; _builder_version=&#8220;4.17.4&#8243; _module_preset=&#8220;default&#8220; title_font=&#8220;Lato|700|||||||&#8220; title_line_height=&#8220;1.5em&#8220; body_font=&#8220;||||||||&#8220; body_font_size=&#8220;16px&#8220; body_line_height=&#8220;2em&#8220; custom_margin=&#8220;0px|0px|0px|0px|false|true&#8220; custom_padding=&#8220;||||false|false&#8220; animation_style=&#8220;slide&#8220; animation_direction=&#8220;top&#8220; animation_intensity_slide=&#8220;10%&#8220; border_width_all=&#8220;0px&#8220; locked=&#8220;off&#8220; global_colors_info=&#8220;{}&#8220;]<\/p>\n<table class=\"responsive-table\" style=\"width: 220px;\">\n<colgroup width=\"107\"><\/colgroup>\n<colgroup width=\"136\"><\/colgroup>\n<colgroup span=\"2\" width=\"107\"><\/colgroup>\n<tbody>\n<tr>\n<td height=\"23\" align=\"center\" style=\"width: 31px;\"><span style=\"color: #7b7b7b; font-family: Calibri;\">Size<\/span><\/td>\n<td align=\"center\" style=\"width: 109px;\"><span style=\"color: #7b7b7b; font-family: Calibri;\">Length (mm)<\/span><\/td>\n<td align=\"center\" style=\"width: 65px;\"><span style=\"color: #7b7b7b; font-family: Calibri;\">Code\/title<\/span><\/td>\n<td align=\"center\" style=\"width: 73px;\"><span style=\"color: #7b7b7b; font-family: Calibri;\">Paint <\/span><\/td>\n<\/tr>\n<tr>\n<td height=\"23\" align=\"center\" style=\"width: 31px;\"><span style=\"color: #7b7b7b; font-family: Calibri;\">15&#215;70<\/span><\/td>\n<td align=\"center\" style=\"width: 109px;\"><span style=\"color: #7b7b7b; font-family: Calibri;\">2200\/3600\/4450<\/span><\/td>\n<td align=\"center\" sdval=\"81005\" sdnum=\"1062;\" style=\"width: 65px;\"><span style=\"color: #7b7b7b; font-family: Calibri;\">810902<\/span><\/td>\n<td align=\"center\" style=\"width: 73px;\"><span style=\"color: #7b7b7b; font-family: Calibri;\">NCSS0502Y<\/span><\/td>\n<\/tr>\n<tr>\n<td height=\"23\" align=\"center\" style=\"width: 31px;\"><span style=\"color: #7b7b7b; font-family: Calibri;\">15&#215;58<\/span><\/td>\n<td align=\"center\" style=\"width: 109px;\"><span style=\"color: #7b7b7b; font-family: Calibri;\">2200\/3600\/4450<\/span><\/td>\n<td align=\"center\" sdval=\"81030\" sdnum=\"1062;\" style=\"width: 65px;\"><span style=\"color: #7b7b7b; font-family: Calibri;\">81912<\/span><\/td>\n<td align=\"center\" style=\"width: 73px;\"><span style=\"color: #7b7b7b; font-family: Calibri;\">NCSS0502Y<\/span><\/td>\n<\/tr>\n<\/tbody>\n<\/table>\n<p>[\/et_pb_toggle][\/et_pb_column][\/et_pb_row][\/et_pb_section]<\/p>\n","protected":false},"excerpt":{"rendered":"<p>Gr\u00f6\u00dfe L\u00e4nge Code\/Titel Farbe 16&#215;70 2200\/3600\/4450 H2 NCSS0502Y Size Length (mm) Code\/title Paint 9&#215;55 2200\/3600\/4450 H53 NCSS0502Y Size Length (mm) Code\/title Paint 18&#215;70 2200\/3600\/4450 81908 NCSS0502Y Size Length (mm) Code\/title Paint 10&#215;58 2200\/3600\/4450 81005 NCSS0502Y 12&#215;58 2200\/3600\/4450 81030 NCSS0502Y 10&#215;70 2200\/3600\/4450 81017 NCSS0502Y 12&#215;70 2200\/3600\/4450 81032 NCSS0502Y Size Length (mm) Code\/title Paint 15&#215;68 2200\/3600\/4450 H18 [&hellip;]<\/p>\n","protected":false},"author":1,"featured_media":0,"parent":256941,"menu_order":0,"comment_status":"closed","ping_status":"closed","template":"","meta":{"_et_pb_use_builder":"on","_et_pb_old_content":"","_et_gb_content_width":"","footnotes":""},"class_list":["post-256945","page","type-page","status-publish","hentry"],"_links":{"self":[{"href":"https:\/\/hornbaekbaltic.com\/de\/wp-json\/wp\/v2\/pages\/256945","targetHints":{"allow":["GET"]}}],"collection":[{"href":"https:\/\/hornbaekbaltic.com\/de\/wp-json\/wp\/v2\/pages"}],"about":[{"href":"https:\/\/hornbaekbaltic.com\/de\/wp-json\/wp\/v2\/types\/page"}],"author":[{"embeddable":true,"href":"https:\/\/hornbaekbaltic.com\/de\/wp-json\/wp\/v2\/users\/1"}],"replies":[{"embeddable":true,"href":"https:\/\/hornbaekbaltic.com\/de\/wp-json\/wp\/v2\/comments?post=256945"}],"version-history":[{"count":2,"href":"https:\/\/hornbaekbaltic.com\/de\/wp-json\/wp\/v2\/pages\/256945\/revisions"}],"predecessor-version":[{"id":256947,"href":"https:\/\/hornbaekbaltic.com\/de\/wp-json\/wp\/v2\/pages\/256945\/revisions\/256947"}],"up":[{"embeddable":true,"href":"https:\/\/hornbaekbaltic.com\/de\/wp-json\/wp\/v2\/pages\/256941"}],"wp:attachment":[{"href":"https:\/\/hornbaekbaltic.com\/de\/wp-json\/wp\/v2\/media?parent=256945"}],"curies":[{"name":"wp","href":"https:\/\/api.w.org\/{rel}","templated":true}]}}