{"id":257044,"date":"2022-04-22T06:56:55","date_gmt":"2022-04-22T06:56:55","guid":{"rendered":"https:\/\/hb.utm.lv\/uber-uns\/zertifikate\/"},"modified":"2025-03-14T08:56:47","modified_gmt":"2025-03-14T08:56:47","slug":"zertifikate","status":"publish","type":"page","link":"https:\/\/hornbaekbaltic.com\/de\/uber-uns\/zertifikate\/","title":{"rendered":"Zertifikate"},"content":{"rendered":"<p>[et_pb_section fb_built=&#8220;1&#8243; fullwidth=&#8220;on&#8220; _builder_version=&#8220;4.17.3&#8243; bottom_divider_style=&#8220;slant&#8220; bottom_divider_color=&#8220;#FFFFFF&#8220; bottom_divider_flip=&#8220;horizontal&#8220; da_disable_devices=&#8220;off|off|off&#8220; locked=&#8220;off&#8220; global_colors_info=&#8220;{}&#8220; da_is_popup=&#8220;off&#8220; da_exit_intent=&#8220;off&#8220; da_has_close=&#8220;on&#8220; da_alt_close=&#8220;off&#8220; da_dark_close=&#8220;off&#8220; da_not_modal=&#8220;on&#8220; da_is_singular=&#8220;off&#8220; da_with_loader=&#8220;off&#8220; da_has_shadow=&#8220;on&#8220;][et_pb_fullwidth_header title=&#8220;Zertifikate&#8220; text_orientation=&#8220;center&#8220; background_overlay_color=&#8220;rgba(52,81,104,0.43)&#8220; _builder_version=&#8220;4.17.3&#8243; title_font=&#8220;Lato|700|||||||&#8220; title_font_size=&#8220;46px&#8220; title_line_height=&#8220;1.5em&#8220; content_font=&#8220;Lato||||||||&#8220; content_font_size=&#8220;20px&#8220; content_line_height=&#8220;1.8em&#8220; subhead_font=&#8220;Lato|700|||||||&#8220; subhead_font_size=&#8220;25px&#8220; subhead_line_height=&#8220;1.5em&#8220; background_enable_color=&#8220;off&#8220; background_image=&#8220;https:\/\/hornbaekbaltic.com\/wp-content\/uploads\/2022\/05\/DSC_0831.webp&#8220; custom_margin=&#8220;|||&#8220; custom_padding=&#8220;5vw||150px||false&#8220; animation_style=&#8220;slide&#8220; animation_direction=&#8220;top&#8220; animation_intensity_slide=&#8220;2%&#8220; title_font_size_tablet=&#8220;36px&#8220; title_font_size_phone=&#8220;&#8220; title_font_size_last_edited=&#8220;on|phone&#8220; global_colors_info=&#8220;{}&#8220; button_one_text_size__hover_enabled=&#8220;off&#8220; button_two_text_size__hover_enabled=&#8220;off&#8220; button_one_text_color__hover_enabled=&#8220;off&#8220; button_two_text_color__hover_enabled=&#8220;off&#8220; button_one_border_width__hover_enabled=&#8220;off&#8220; button_two_border_width__hover_enabled=&#8220;off&#8220; button_one_border_color__hover_enabled=&#8220;off&#8220; button_two_border_color__hover_enabled=&#8220;off&#8220; button_one_border_radius__hover_enabled=&#8220;off&#8220; button_two_border_radius__hover_enabled=&#8220;off&#8220; button_one_letter_spacing__hover_enabled=&#8220;off&#8220; button_two_letter_spacing__hover_enabled=&#8220;off&#8220; button_one_bg_color__hover_enabled=&#8220;off&#8220; button_two_bg_color__hover_enabled=&#8220;off&#8220;][\/et_pb_fullwidth_header][\/et_pb_section][et_pb_section fb_built=&#8220;1&#8243; next_background_color=&#8220;#ffd088&#8243; admin_label=&#8220;What is Coaching?&#8220; _builder_version=&#8220;4.16&#8243; _module_preset=&#8220;default&#8220; background_color=&#8220;#ffffff&#8220; use_background_color_gradient=&#8220;on&#8220; background_color_gradient_stops=&#8220;#ffffff 0%|#f5f5f5 70%&#8220; background_color_gradient_overlays_image=&#8220;on&#8220; background_color_gradient_start=&#8220;#ffffff&#8220; background_color_gradient_end=&#8220;#f5f5f5&#8243; background_color_gradient_end_position=&#8220;70%&#8220; background_image=&#8220;https:\/\/hornbaekbaltic.com\/wp-content\/uploads\/2022\/04\/life-coach-03.jpg&#8220; custom_margin=&#8220;|||&#8220; custom_padding=&#8220;0px||0px||true&#8220; top_divider_color=&#8220;#f5f5f5&#8243; top_divider_flip=&#8220;vertical&#8220; top_divider_arrangement=&#8220;above_content&#8220; bottom_divider_style=&#8220;slant&#8220; bottom_divider_flip=&#8220;vertical&#8220; bottom_divider_arrangement=&#8220;above_content&#8220; da_disable_devices=&#8220;off|off|off&#8220; locked=&#8220;off&#8220; global_colors_info=&#8220;{}&#8220; da_is_popup=&#8220;off&#8220; da_exit_intent=&#8220;off&#8220; da_has_close=&#8220;on&#8220; da_alt_close=&#8220;off&#8220; da_dark_close=&#8220;off&#8220; da_not_modal=&#8220;on&#8220; da_is_singular=&#8220;off&#8220; da_with_loader=&#8220;off&#8220; da_has_shadow=&#8220;on&#8220;][et_pb_row column_structure=&#8220;1_2,1_2&#8243; use_custom_gutter=&#8220;on&#8220; gutter_width=&#8220;1&#8243; make_equal=&#8220;on&#8220; padding_top_bottom_link_1=&#8220;false&#8220; padding_top_bottom_link_2=&#8220;false&#8220; padding_left_right_link_1=&#8220;true&#8220; padding_left_right_link_2=&#8220;true&#8220; module_class=&#8220; et_pb_row_fullwidth&#8220; _builder_version=&#8220;4.16&#8243; _module_preset=&#8220;default&#8220; width=&#8220;100%&#8220; width_tablet=&#8220;100%&#8220; width_phone=&#8220;100%&#8220; width_last_edited=&#8220;on|desktop&#8220; max_width=&#8220;100%&#8220; max_width_tablet=&#8220;100%&#8220; max_width_phone=&#8220;100%&#8220; max_width_last_edited=&#8220;on|desktop&#8220; custom_padding=&#8220;0px|0|0px|0|true|false&#8220; make_fullwidth=&#8220;on&#8220; global_colors_info=&#8220;{}&#8220;][et_pb_column type=&#8220;1_2&#8243; _builder_version=&#8220;4.16&#8243; _module_preset=&#8220;default&#8220; use_background_color_gradient=&#8220;on&#8220; background_color_gradient_stops=&#8220;rgba(0,0,0,0) 0%|rgba(0,0,0,0.07) 100%&#8220; background_color_gradient_start=&#8220;rgba(0,0,0,0)&#8220; background_color_gradient_end=&#8220;rgba(0,0,0,0.07)&#8220; custom_padding=&#8220;5%|6%|10%|6%&#8220; custom_padding_tablet=&#8220;5%|6%|10%|6%&#8220; custom_padding_phone=&#8220;5%|6%|10%|6%&#8220; custom_padding_last_edited=&#8220;on|tablet&#8220; global_colors_info=&#8220;{}&#8220; padding_last_edited=&#8220;on|tablet&#8220; custom_padding__hover=&#8220;|||&#8220;][et_pb_blurb title=&#8220;FSC &#8211; Forstmanagement-Zertifizierung&#8220; image=&#8220;https:\/\/hornbaekbaltic.com\/wp-content\/uploads\/2024\/03\/FSC_C084439_Promotional_with_text_Portrait_GreenOnWhite_r_427QcD.png&#8220; image_icon_width=&#8220;90px&#8220; _builder_version=&#8220;4.24.2&#8243; _module_preset=&#8220;default&#8220; header_font=&#8220;Lato|700|||||||&#8220; header_text_align=&#8220;center&#8220; header_text_color=&#8220;#455860&#8243; header_font_size=&#8220;30px&#8220; header_letter_spacing=&#8220;1px&#8220; header_line_height=&#8220;1.2em&#8220; global_colors_info=&#8220;{}&#8220;][\/et_pb_blurb][et_pb_text admin_label=&#8220;Text&#8220; _builder_version=&#8220;4.17.3&#8243; _module_preset=&#8220;default&#8220; text_font=&#8220;Lato||||||||&#8220; text_font_size=&#8220;18px&#8220; text_line_height=&#8220;1.8em&#8220; link_font=&#8220;||||||||&#8220; ul_font=&#8220;||||||||&#8220; ol_font=&#8220;||||||||&#8220; quote_font=&#8220;||||||||&#8220; header_font=&#8220;||||||||&#8220; header_2_font=&#8220;Lato|700|||||||&#8220; header_2_font_size=&#8220;40px&#8220; header_2_letter_spacing=&#8220;1px&#8220; header_2_line_height=&#8220;1.5em&#8220; header_3_font=&#8220;||||||||&#8220; header_4_font=&#8220;||||||||&#8220; header_5_font=&#8220;||||||||&#8220; header_6_font=&#8220;Lato|700|||||||&#8220; header_6_font_size=&#8220;18px&#8220; header_6_letter_spacing=&#8220;1px&#8220; header_6_line_height=&#8220;1.8em&#8220; custom_margin=&#8220;20px||||false|false&#8220; header_2_font_size_tablet=&#8220;&#8220; header_2_font_size_phone=&#8220;22px&#8220; header_2_font_size_last_edited=&#8220;on|phone&#8220; locked=&#8220;off&#8220; global_colors_info=&#8220;{}&#8220;]<\/p>\n<p><span style=\"font-size: 18px;\">Die Zertifizierung gew\u00e4hrleistet, dass das Unternehmen Rohstoffe aus W\u00e4ldern verwendet, die nach FSC-Richtlinien bewirtschaftet werden. Mit der FSC-Zertifizierung wird best\u00e4tigt, dass der Wald so bewirtschaftet wird, dass die biologische Vielfalt erhalten bleibt und das Leben der Menschen vor Ort und der Arbeiter davon profitiert, w\u00e4hrend gleichzeitig die wirtschaftliche Lebensf\u00e4higkeit gesichert wird. FSC-zertifizierte W\u00e4lder werden nach strengen \u00f6kologischen, sozialen und wirtschaftlichen Standards bewirtschaftet.  <\/span><span lang=\"lv-LV\"><\/span><\/p>\n<p><span lang=\"lv-LV\">All the materials used in products bearing this label are sourced from forests that have been audited by an independent third party to confirm they are managed according to FSC\u2019s rigorous social and environmental standards. Of all the FSC labels, FSC 100% contributes most directly to FSC\u2019s objective\u2014forests for all, forever\u2014and is therefore the highest mark of distinction for certified products. <\/span><\/p>\n<p><span lang=\"lv-LV\">The FSC Principles and Criteria provide a foundation for all forest management standards globally.<\/span><\/p>\n<p>[\/et_pb_text][et_pb_button button_url=&#8220;https:\/\/hornbaekbaltic.com\/wp-content\/uploads\/2025\/03\/Hornbaek-Baltic-AS-FSC-COC-Certificate-28.2.2025.pdf&#8220; button_text=&#8220;ZERTIFIKAT ANSEHEN&#8220; _builder_version=&#8220;4.27.4&#8243; _module_preset=&#8220;default&#8220; custom_button=&#8220;on&#8220; button_text_size=&#8220;14px&#8220; button_text_color=&#8220;#ffffff&#8220; button_bg_color=&#8220;#ffb356&#8243; button_border_width=&#8220;12px&#8220; button_border_color=&#8220;#ffb356&#8243; button_border_radius=&#8220;50px&#8220; button_letter_spacing=&#8220;2px&#8220; button_font=&#8220;Lato|900||on|||||&#8220; button_icon=&#8220;&#x24;||divi||400&#8243; custom_margin=&#8220;50px||||false|false&#8220; custom_margin_tablet=&#8220;|0vw||0vw||true&#8220; custom_margin_last_edited=&#8220;off|desktop&#8220; custom_padding=&#8220;|||&#8220; hover_enabled=&#8220;0&#8243; locked=&#8220;off&#8220; global_colors_info=&#8220;{}&#8220; button_text_size__hover_enabled=&#8220;off&#8220; button_one_text_size__hover_enabled=&#8220;off&#8220; button_two_text_size__hover_enabled=&#8220;off&#8220; button_text_color__hover_enabled=&#8220;off&#8220; button_one_text_color__hover_enabled=&#8220;off&#8220; button_two_text_color__hover_enabled=&#8220;off&#8220; button_border_width__hover_enabled=&#8220;off&#8220; button_one_border_width__hover_enabled=&#8220;off&#8220; button_two_border_width__hover_enabled=&#8220;off&#8220; button_border_color__hover_enabled=&#8220;off&#8220; button_one_border_color__hover_enabled=&#8220;off&#8220; button_two_border_color__hover_enabled=&#8220;off&#8220; button_border_radius__hover_enabled=&#8220;off&#8220; button_one_border_radius__hover_enabled=&#8220;off&#8220; button_two_border_radius__hover_enabled=&#8220;off&#8220; button_letter_spacing__hover_enabled=&#8220;off&#8220; button_one_letter_spacing__hover_enabled=&#8220;off&#8220; button_two_letter_spacing__hover_enabled=&#8220;off&#8220; button_bg_color__hover_enabled=&#8220;off&#8220; button_one_bg_color__hover_enabled=&#8220;off&#8220; button_two_bg_color__hover_enabled=&#8220;off&#8220; sticky_enabled=&#8220;0&#8243;][\/et_pb_button][\/et_pb_column][et_pb_column type=&#8220;1_2&#8243; _builder_version=&#8220;4.16&#8243; _module_preset=&#8220;default&#8220; custom_padding=&#8220;5%|6%|10%|6%&#8220; custom_padding_tablet=&#8220;||150px|&#8220; custom_padding_phone=&#8220;||150px|&#8220; custom_padding_last_edited=&#8220;on|tablet&#8220; global_colors_info=&#8220;{}&#8220; padding_tablet=&#8220;||150px|&#8220; padding_last_edited=&#8220;on|tablet&#8220; custom_padding__hover=&#8220;|||&#8220; padding_phone=&#8220;||150px|&#8220;][et_pb_blurb title=&#8220;Kennzeichnung des Raumklimas&#8220; image=&#8220;https:\/\/hornbaekbaltic.com\/wp-content\/uploads\/2022\/05\/path1186.png&#8220; image_icon_width=&#8220;90px&#8220; _builder_version=&#8220;4.24.0&#8243; _module_preset=&#8220;default&#8220; header_font=&#8220;Lato|700|||||||&#8220; header_text_align=&#8220;center&#8220; header_text_color=&#8220;#455860&#8243; header_font_size=&#8220;30px&#8220; header_letter_spacing=&#8220;1px&#8220; header_line_height=&#8220;1.2em&#8220; locked=&#8220;off&#8220; global_colors_info=&#8220;{}&#8220;][\/et_pb_blurb][et_pb_text admin_label=&#8220;Text&#8220; _builder_version=&#8220;4.24.0&#8243; _module_preset=&#8220;default&#8220; text_font=&#8220;Lato||||||||&#8220; text_font_size=&#8220;18px&#8220; text_line_height=&#8220;1.8em&#8220; link_font=&#8220;||||||||&#8220; ul_font=&#8220;||||||||&#8220; ol_font=&#8220;||||||||&#8220; quote_font=&#8220;||||||||&#8220; header_font=&#8220;||||||||&#8220; header_2_font=&#8220;Lato|700|||||||&#8220; header_2_font_size=&#8220;40px&#8220; header_2_letter_spacing=&#8220;1px&#8220; header_2_line_height=&#8220;1.5em&#8220; header_3_font=&#8220;||||||||&#8220; header_4_font=&#8220;||||||||&#8220; header_5_font=&#8220;||||||||&#8220; header_6_font=&#8220;Lato|700|||||||&#8220; header_6_font_size=&#8220;18px&#8220; header_6_letter_spacing=&#8220;1px&#8220; header_6_line_height=&#8220;1.8em&#8220; custom_margin=&#8220;20px||||false|false&#8220; header_2_font_size_tablet=&#8220;&#8220; header_2_font_size_phone=&#8220;22px&#8220; header_2_font_size_last_edited=&#8220;on|phone&#8220; locked=&#8220;off&#8220; global_colors_info=&#8220;{}&#8220;]<\/p>\n<p> Dieses Zertifikat gew\u00e4hrleistet, dass die Leisten keine Probleme mit der Entgasung von gesundheitssch\u00e4dlichen Chemikalien haben. Die Kennzeichnung f\u00fcr das Raumklima stellt Anforderungen an das Produkt.<\/p>\n<p> Es gibt eine Obergrenze, wie gro\u00df die Entgasung sein darf, ebenso wie es Vorgaben gibt, welche Stoffe entgast werden d\u00fcrfen. Beispielsweise d\u00fcrfen keine Karzinogene aus den Produkten freigesetzt werden. Dar\u00fcber hinaus gibt es Anforderungen an den Geruch der Produkte. Die Kennzeichnung f\u00fcr das Raumklima stellt im Gegensatz zu anderen Umweltzeichen Anforderungen an das Produkt in der Nutzungsphase.<br \/>Zum einen geht es um den Gehalt an chemischen Stoffen im Produkt, zum anderen darum, welche Stoffe in die Luft abgegeben werden. Ein mit dem Raumklima-Kennzeichen versehenes Produkt wurde umfangreichen Tests unterzogen und verf\u00fcgt \u00fcber eine Dokumentation \u00fcber die Freisetzung chemischer Stoffe in die Luft.<br \/>Mit dem Raumklima-Kennzeichen versehene Materialien sind ein nat\u00fcrlicher Bestandteil des nachhaltigen Bauens,  bei dem eine gute Raumluftqualit\u00e4t zur sozialen Nachhaltigkeit beitr\u00e4gt.<\/p>\n<p>[\/et_pb_text][\/et_pb_column][\/et_pb_row][\/et_pb_section]<\/p>\n","protected":false},"excerpt":{"rendered":"<p>Die Zertifizierung gew\u00e4hrleistet, dass das Unternehmen Rohstoffe aus W\u00e4ldern verwendet, die nach FSC-Richtlinien bewirtschaftet werden. Mit der FSC-Zertifizierung wird best\u00e4tigt, dass der Wald so bewirtschaftet wird, dass die biologische Vielfalt erhalten bleibt und das Leben der Menschen vor Ort und der Arbeiter davon profitiert, w\u00e4hrend gleichzeitig die wirtschaftliche Lebensf\u00e4higkeit gesichert wird. FSC-zertifizierte W\u00e4lder werden nach [&hellip;]<\/p>\n","protected":false},"author":1,"featured_media":0,"parent":256936,"menu_order":0,"comment_status":"closed","ping_status":"closed","template":"","meta":{"_et_pb_use_builder":"on","_et_pb_old_content":"","_et_gb_content_width":"","footnotes":""},"class_list":["post-257044","page","type-page","status-publish","hentry"],"_links":{"self":[{"href":"https:\/\/hornbaekbaltic.com\/de\/wp-json\/wp\/v2\/pages\/257044","targetHints":{"allow":["GET"]}}],"collection":[{"href":"https:\/\/hornbaekbaltic.com\/de\/wp-json\/wp\/v2\/pages"}],"about":[{"href":"https:\/\/hornbaekbaltic.com\/de\/wp-json\/wp\/v2\/types\/page"}],"author":[{"embeddable":true,"href":"https:\/\/hornbaekbaltic.com\/de\/wp-json\/wp\/v2\/users\/1"}],"replies":[{"embeddable":true,"href":"https:\/\/hornbaekbaltic.com\/de\/wp-json\/wp\/v2\/comments?post=257044"}],"version-history":[{"count":7,"href":"https:\/\/hornbaekbaltic.com\/de\/wp-json\/wp\/v2\/pages\/257044\/revisions"}],"predecessor-version":[{"id":257334,"href":"https:\/\/hornbaekbaltic.com\/de\/wp-json\/wp\/v2\/pages\/257044\/revisions\/257334"}],"up":[{"embeddable":true,"href":"https:\/\/hornbaekbaltic.com\/de\/wp-json\/wp\/v2\/pages\/256936"}],"wp:attachment":[{"href":"https:\/\/hornbaekbaltic.com\/de\/wp-json\/wp\/v2\/media?parent=257044"}],"curies":[{"name":"wp","href":"https:\/\/api.w.org\/{rel}","templated":true}]}}