{"id":257080,"date":"2022-04-12T10:48:49","date_gmt":"2022-04-12T10:48:49","guid":{"rendered":"https:\/\/hb.utm.lv\/uber-uns\/neuigkeiten\/"},"modified":"2022-05-19T09:31:14","modified_gmt":"2022-05-19T09:31:14","slug":"neuigkeiten","status":"publish","type":"page","link":"https:\/\/hornbaekbaltic.com\/de\/uber-uns\/neuigkeiten\/","title":{"rendered":"Neuigkeiten"},"content":{"rendered":"<p>[et_pb_section fb_built=&#8220;1&#8243; fullwidth=&#8220;on&#8220; _builder_version=&#8220;4.17.3&#8243; bottom_divider_style=&#8220;slant&#8220; bottom_divider_color=&#8220;#FFFFFF&#8220; bottom_divider_flip=&#8220;horizontal&#8220; global_colors_info=&#8220;{}&#8220; da_is_popup=&#8220;off&#8220; da_exit_intent=&#8220;off&#8220; da_has_close=&#8220;on&#8220; da_alt_close=&#8220;off&#8220; da_dark_close=&#8220;off&#8220; da_not_modal=&#8220;on&#8220; da_is_singular=&#8220;off&#8220; da_with_loader=&#8220;off&#8220; da_has_shadow=&#8220;on&#8220; da_disable_devices=&#8220;off|off|off&#8220;][et_pb_fullwidth_header title=&#8220;News&#8220; text_orientation=&#8220;center&#8220; background_overlay_color=&#8220;rgba(52,81,104,0.43)&#8220; _builder_version=&#8220;4.17.3&#8243; title_font=&#8220;Lato|700|||||||&#8220; title_font_size=&#8220;46px&#8220; title_line_height=&#8220;1.5em&#8220; content_font=&#8220;Lato||||||||&#8220; content_font_size=&#8220;20px&#8220; content_line_height=&#8220;1.8em&#8220; subhead_font=&#8220;Lato|700|||||||&#8220; subhead_font_size=&#8220;25px&#8220; subhead_line_height=&#8220;1.5em&#8220; background_enable_color=&#8220;off&#8220; background_image=&#8220;https:\/\/hornbaekbaltic.com\/wp-content\/uploads\/2022\/05\/DSC_0770.webp&#8220; background_position=&#8220;top_center&#8220; custom_margin=&#8220;|||&#8220; custom_padding=&#8220;5vw||150px||false&#8220; animation_style=&#8220;slide&#8220; animation_direction=&#8220;top&#8220; animation_intensity_slide=&#8220;2%&#8220; title_font_size_tablet=&#8220;36px&#8220; title_font_size_phone=&#8220;&#8220; title_font_size_last_edited=&#8220;on|phone&#8220; global_colors_info=&#8220;{}&#8220; button_one_text_size__hover_enabled=&#8220;off&#8220; button_two_text_size__hover_enabled=&#8220;off&#8220; button_one_text_color__hover_enabled=&#8220;off&#8220; button_two_text_color__hover_enabled=&#8220;off&#8220; button_one_border_width__hover_enabled=&#8220;off&#8220; button_two_border_width__hover_enabled=&#8220;off&#8220; button_one_border_color__hover_enabled=&#8220;off&#8220; button_two_border_color__hover_enabled=&#8220;off&#8220; button_one_border_radius__hover_enabled=&#8220;off&#8220; button_two_border_radius__hover_enabled=&#8220;off&#8220; button_one_letter_spacing__hover_enabled=&#8220;off&#8220; button_two_letter_spacing__hover_enabled=&#8220;off&#8220; button_one_bg_color__hover_enabled=&#8220;off&#8220; button_two_bg_color__hover_enabled=&#8220;off&#8220;][\/et_pb_fullwidth_header][\/et_pb_section][et_pb_section fb_built=&#8220;1&#8243; admin_label=&#8220;Projekti&#8220; _builder_version=&#8220;4.16&#8243; _module_preset=&#8220;default&#8220; z_index=&#8220;-6&#8243; custom_margin=&#8220;||0px||false|false&#8220; custom_padding=&#8220;0px||0px||false|false&#8220; global_colors_info=&#8220;{}&#8220; da_is_popup=&#8220;off&#8220; da_exit_intent=&#8220;off&#8220; da_has_close=&#8220;on&#8220; da_alt_close=&#8220;off&#8220; da_dark_close=&#8220;off&#8220; da_not_modal=&#8220;on&#8220; da_is_singular=&#8220;off&#8220; da_with_loader=&#8220;off&#8220; da_has_shadow=&#8220;on&#8220; da_disable_devices=&#8220;off|off|off&#8220;][et_pb_row _builder_version=&#8220;4.16&#8243; custom_padding=&#8220;|||30px|false|false&#8220; border_color_all=&#8220;#ffb400&#8243; border_width_left=&#8220;2px&#8220; border_color_left=&#8220;#ffb356&#8243; global_colors_info=&#8220;{}&#8220;][et_pb_column type=&#8220;4_4&#8243; _builder_version=&#8220;4.16&#8243; global_colors_info=&#8220;{}&#8220;][et_pb_blurb title=&#8220;07.04.2022.&#8220; use_icon=&#8220;on&#8220; font_icon=&#8220;&#x45;||divi||400&#8243; icon_color=&#8220;#ffb356&#8243; icon_placement=&#8220;left&#8220; content_max_width=&#8220;100%&#8220; admin_label=&#8220;Uz\u0146\u0113mums&#8220; _builder_version=&#8220;4.16&#8243; header_level=&#8220;h5&#8243; header_font=&#8220;Lato|700||on|||||&#8220; header_text_color=&#8220;#ffb356&#8243; header_font_size=&#8220;24px&#8220; header_line_height=&#8220;1.4em&#8220; body_font=&#8220;Lato||||||||&#8220; body_font_size=&#8220;20px&#8220; body_line_height=&#8220;1.8em&#8220; custom_margin=&#8220;|||-43px|false|false&#8220; body_font_size_tablet=&#8220;18px&#8220; body_font_size_phone=&#8220;16px&#8220; body_font_size_last_edited=&#8220;on|phone&#8220; border_color_all=&#8220;#E09900&#8243; locked=&#8220;off&#8220; global_colors_info=&#8220;{}&#8220;]<\/p>\n<p><span>In March we have begun a new round of Lean training for all company employees to enhance more efficient manufacturing process on individual and company scale by reducing waste, increasing profit and enhancing the customer value for money. Among other Lean training in the past, this training focuses on sustainable mind set, green wastes and circular economy. We as company care for the three customers \u2013 people, planet and profit, where sustainability is key with relation to United Nations <\/span><a href=\"https:\/\/sdgs.un.org\/2030agenda\" target=\"_blank\" rel=\"noopener\">2030 Agenda for Sustainable Development<\/a><span>\u00a0with its 17 goals.\u00a0<\/span><\/p>\n<p>[\/et_pb_blurb][et_pb_image src=&#8220;https:\/\/hornbaekbaltic.com\/wp-content\/uploads\/2022\/04\/a5b37b033cf661e7be0be02a843ecc47-e1649937163880.jpg&#8220; title_text=&#8220;a5b37b033cf661e7be0be02a843ecc47&#8243; _builder_version=&#8220;4.16&#8243; _module_preset=&#8220;default&#8220; global_colors_info=&#8220;{}&#8220;][\/et_pb_image][et_pb_blurb title=&#8220;30.10.2020.&#8220; use_icon=&#8220;on&#8220; font_icon=&#8220;&#x45;||divi||400&#8243; icon_color=&#8220;#ffb356&#8243; icon_placement=&#8220;left&#8220; content_max_width=&#8220;100%&#8220; admin_label=&#8220;Uz\u0146\u0113mums&#8220; _builder_version=&#8220;4.16&#8243; header_level=&#8220;h5&#8243; header_font=&#8220;Lato|700||on|||||&#8220; header_text_color=&#8220;#ffb356&#8243; header_font_size=&#8220;24px&#8220; header_line_height=&#8220;1.4em&#8220; body_font=&#8220;Lato||||||||&#8220; body_font_size=&#8220;20px&#8220; body_line_height=&#8220;1.8em&#8220; custom_margin=&#8220;|||-43px|false|false&#8220; body_font_size_tablet=&#8220;18px&#8220; body_font_size_phone=&#8220;16px&#8220; body_font_size_last_edited=&#8220;on|phone&#8220; border_color_all=&#8220;#E09900&#8243; locked=&#8220;off&#8220; global_colors_info=&#8220;{}&#8220;]<\/p>\n<p>On June 25, 2019, JSC \u201cHornbaek Baltic\u201d entered into an agreement with the Central Finance and Contracts Agency (CFLA) on the implementation of the project \u201cImplementation of Energy Efficiency Measures at the Hornbaek Baltic\u201dwith identification no. 4.1.1.0\/18\/A\/013 (hereinafter referred to as the Project), which was successfully completed at the end of October 2020.<\/p>\n<p>The aim of the project was to promote the efficient use of energy resources and the reduction of energy consumption in the manufacturing industry &#8211; the production of high-quality pine wood mouldings of various profiles by implementing measures to promote energy efficiency in the production process, i.e., replacing the existing moulder with the production equipment of the highest quality profiled finishing boards, thus significantly reducing the energy consumption in the activities related to the production process. The planned costs within the project were 611 000 EUR, of which 183 300 EUR is covered by EU Cohesion Fund co-financing.<\/p>\n<p>The energy efficiency measure implemented as a result of the project will reduce the total energy consumption of production-related activities by 979.48 MWh \/ year, while the estimated greenhouse gas reduction is 200.6 tonnes \/ year of CO2 equivalent.<\/p>\n<p>[\/et_pb_blurb][et_pb_image src=&#8220;https:\/\/hornbaekbaltic.com\/wp-content\/uploads\/2022\/04\/4e6389ef6e047c56ec158829bc344794.png&#8220; title_text=&#8220;4e6389ef6e047c56ec158829bc344794&#8243; _builder_version=&#8220;4.16&#8243; _module_preset=&#8220;default&#8220; global_colors_info=&#8220;{}&#8220;][\/et_pb_image][et_pb_blurb title=&#8220;30.07.2020.&#8220; use_icon=&#8220;on&#8220; font_icon=&#8220;&#x45;||divi||400&#8243; icon_color=&#8220;#ffb356&#8243; icon_placement=&#8220;left&#8220; content_max_width=&#8220;100%&#8220; admin_label=&#8220;Uz\u0146\u0113mums&#8220; _builder_version=&#8220;4.16&#8243; header_level=&#8220;h5&#8243; header_font=&#8220;Lato|700||on|||||&#8220; header_text_color=&#8220;#ffb356&#8243; header_font_size=&#8220;24px&#8220; header_line_height=&#8220;1.4em&#8220; body_font=&#8220;Lato||||||||&#8220; body_font_size=&#8220;20px&#8220; body_line_height=&#8220;1.8em&#8220; custom_margin=&#8220;|||-43px|false|false&#8220; body_font_size_tablet=&#8220;18px&#8220; body_font_size_phone=&#8220;16px&#8220; body_font_size_last_edited=&#8220;on|phone&#8220; border_color_all=&#8220;#E09900&#8243; locked=&#8220;off&#8220; global_colors_info=&#8220;{}&#8220;]<\/p>\n<p>On June 25, 2019, JSC \u201cHornbaek Baltic\u201d entered into an agreement with the Central Finance and Contracts Agency (CFLA) on the implementation of the project \u201cImplementation of Energy Efficiency Measures at Hornbaek Baltic\u201d with identification no. 4.1.1.0\/18\/A\/013 (hereinafter referred to as the Project).<\/p>\n<p>As part of the project, at the end of October 2019, an agreement was signed with the German company \u201cMichalel Weinig\u201d for the purchase of the highest quality moulder, and information has been received from the manufacturer that the equipment could be delivered to the plant this year, in April 2020.<\/p>\n<p>The planned costs within the project reach 611 000. EUR, of which EUR 183 300 is planned to be covered by the EU Cohesion Fund co-financing.<\/p>\n<p>The implementation of the project is planned for 18 months, indicatively until the end of 2020.<\/p>\n<p>[\/et_pb_blurb][et_pb_image src=&#8220;https:\/\/hornbaekbaltic.com\/wp-content\/uploads\/2022\/04\/4e6389ef6e047c56ec158829bc344794.png&#8220; title_text=&#8220;4e6389ef6e047c56ec158829bc344794&#8243; _builder_version=&#8220;4.16&#8243; _module_preset=&#8220;default&#8220; global_colors_info=&#8220;{}&#8220;][\/et_pb_image][et_pb_blurb title=&#8220;10.11.2019&#8243; use_icon=&#8220;on&#8220; font_icon=&#8220;&#x45;||divi||400&#8243; icon_color=&#8220;#ffb356&#8243; icon_placement=&#8220;left&#8220; content_max_width=&#8220;100%&#8220; admin_label=&#8220;Uz\u0146\u0113mums&#8220; _builder_version=&#8220;4.16&#8243; header_level=&#8220;h5&#8243; header_font=&#8220;Lato|700||on|||||&#8220; header_text_color=&#8220;#ffb356&#8243; header_font_size=&#8220;24px&#8220; header_line_height=&#8220;1.4em&#8220; body_font=&#8220;Lato||||||||&#8220; body_font_size=&#8220;20px&#8220; body_line_height=&#8220;1.8em&#8220; custom_margin=&#8220;|||-43px|false|false&#8220; body_font_size_tablet=&#8220;18px&#8220; body_font_size_phone=&#8220;16px&#8220; body_font_size_last_edited=&#8220;on|phone&#8220; border_color_all=&#8220;#E09900&#8243; locked=&#8220;off&#8220; global_colors_info=&#8220;{}&#8220;]<\/p>\n<p>Investment project in Hornbaek Baltic A \/ S by <a href=\"https:\/\/www.adazi.lv\/\" target=\"_blank\" rel=\"noopener\">www.adazi.lv<\/a><\/p>\n<p>White pine moulding manufacturer Hornbaek Baltic will invest 600,000 EUR in the production line of white painted moudlings, according to the website of the Procurement Monitoring Bureau.<\/p>\n<p>The German company Michalel Weinig, which was also the only bidder in the tender, was awarded the tender for the supply and installation of the production line for the highest quality profiled mouldings. The contract price offered by Michalel Weinig is EUR 600 000 excluding value added tax (VAT) or EUR 726 000, including VAT.<\/p>\n<p>The investment project is planned to be implemented by November 30, 2020 in the company&#8217;s production facilities in \u0100da\u017ei, Mui\u017eas Street 3, the second round of the operational program \u201cGrowth and Employment\u201d specific support objective \u201cPromote efficient use of energy resources, within the framework of the project \u201cImplementation of Energy Efficiency Measures at the Production Plant of the Joint Stock Company Hornbaek Baltic \u201d.<\/p>\n<p>The company &#8222;Hornbaek Baltic&#8220; was registered in 1992. The sole owner of the company is the Danish company Hornbaek.<\/p>\n<p>[\/et_pb_blurb][et_pb_blurb title=&#8220;02.09.2019&#8243; use_icon=&#8220;on&#8220; font_icon=&#8220;&#x45;||divi||400&#8243; icon_color=&#8220;#ffb356&#8243; icon_placement=&#8220;left&#8220; content_max_width=&#8220;100%&#8220; admin_label=&#8220;Uz\u0146\u0113mums&#8220; _builder_version=&#8220;4.16&#8243; header_level=&#8220;h5&#8243; header_font=&#8220;Lato|700||on|||||&#8220; header_text_color=&#8220;#ffb356&#8243; header_font_size=&#8220;24px&#8220; header_line_height=&#8220;1.4em&#8220; body_font=&#8220;Lato||||||||&#8220; body_font_size=&#8220;20px&#8220; body_line_height=&#8220;1.8em&#8220; custom_margin=&#8220;|||-43px|false|false&#8220; body_font_size_tablet=&#8220;18px&#8220; body_font_size_phone=&#8220;16px&#8220; body_font_size_last_edited=&#8220;on|phone&#8220; border_color_all=&#8220;#E09900&#8243; locked=&#8220;off&#8220; global_colors_info=&#8220;{}&#8220;]<\/p>\n<p>Hornbaek Baltic JSC has signed an agreement with the CFLA &#8211; the Central Finance and Contracting Agency (CFCA) &#8211; about a project of energy efficient activities in the company. They are done with the support of the European Regional Development Fund (ERDF).<\/p>\n<p>On June 25, 2019, JSC \u201cHornbaek Baltic\u201d entered into an agreement with the Central Finance and Contracts Agency on the implementation of the project \u201cImplementation of Energy Efficiency Measures at the Plant of Joint Stock Company Hornbaek Baltic\u201d with identification no. 4.1.1.0\/18\/A\/013 (hereinafter referred to as the Project).<\/p>\n<p>The aim of the project is to promote the efficient use of energy resources and the reduction of energy consumption in the manufacturing industry &#8211; in the production of high-quality pine wood mouldings of various profiles, by implementing energy efficiency measures in the production process, i.e. replacing the existing moulder with the production equipment of the highest quality profiled finishing boards, thus significantly reducing the energy consumption in the activities related to the production process.<\/p>\n<p>The planned costs within the project reach 611 000 EUR, of which EUR 183 300 is planned to be covered by theEU Cohesion Fund co-financing support.<\/p>\n<p>The implementation of the project is planned for 18 months, indicatively until the end of 2020.<\/p>\n<p>[\/et_pb_blurb][et_pb_image src=&#8220;https:\/\/hornbaekbaltic.com\/wp-content\/uploads\/2022\/04\/4e6389ef6e047c56ec158829bc344794.png&#8220; title_text=&#8220;4e6389ef6e047c56ec158829bc344794&#8243; _builder_version=&#8220;4.16&#8243; _module_preset=&#8220;default&#8220; global_colors_info=&#8220;{}&#8220;][\/et_pb_image][\/et_pb_column][\/et_pb_row][\/et_pb_section]<\/p>\n","protected":false},"excerpt":{"rendered":"<p>In March we have begun a new round of Lean training for all company employees to enhance more efficient manufacturing process on individual and company scale by reducing waste, increasing profit and enhancing the customer value for money. Among other Lean training in the past, this training focuses on sustainable mind set, green wastes and [&hellip;]<\/p>\n","protected":false},"author":1,"featured_media":0,"parent":256936,"menu_order":0,"comment_status":"closed","ping_status":"closed","template":"","meta":{"_et_pb_use_builder":"on","_et_pb_old_content":"","_et_gb_content_width":"","footnotes":""},"class_list":["post-257080","page","type-page","status-publish","hentry"],"_links":{"self":[{"href":"https:\/\/hornbaekbaltic.com\/de\/wp-json\/wp\/v2\/pages\/257080","targetHints":{"allow":["GET"]}}],"collection":[{"href":"https:\/\/hornbaekbaltic.com\/de\/wp-json\/wp\/v2\/pages"}],"about":[{"href":"https:\/\/hornbaekbaltic.com\/de\/wp-json\/wp\/v2\/types\/page"}],"author":[{"embeddable":true,"href":"https:\/\/hornbaekbaltic.com\/de\/wp-json\/wp\/v2\/users\/1"}],"replies":[{"embeddable":true,"href":"https:\/\/hornbaekbaltic.com\/de\/wp-json\/wp\/v2\/comments?post=257080"}],"version-history":[{"count":3,"href":"https:\/\/hornbaekbaltic.com\/de\/wp-json\/wp\/v2\/pages\/257080\/revisions"}],"predecessor-version":[{"id":257083,"href":"https:\/\/hornbaekbaltic.com\/de\/wp-json\/wp\/v2\/pages\/257080\/revisions\/257083"}],"up":[{"embeddable":true,"href":"https:\/\/hornbaekbaltic.com\/de\/wp-json\/wp\/v2\/pages\/256936"}],"wp:attachment":[{"href":"https:\/\/hornbaekbaltic.com\/de\/wp-json\/wp\/v2\/media?parent=257080"}],"curies":[{"name":"wp","href":"https:\/\/api.w.org\/{rel}","templated":true}]}}