{"id":257301,"date":"2022-04-22T06:56:55","date_gmt":"2022-04-22T06:56:55","guid":{"rendered":"https:\/\/hornbaekbaltic.com\/par-mums\/sertifikati\/"},"modified":"2025-03-14T08:59:34","modified_gmt":"2025-03-14T08:59:34","slug":"sertifikati","status":"publish","type":"page","link":"https:\/\/hornbaekbaltic.com\/lv\/par-mums\/sertifikati\/","title":{"rendered":"Sertifik\u0101ti"},"content":{"rendered":"<p>[et_pb_section fb_built=&#8221;1&#8243; fullwidth=&#8221;on&#8221; _builder_version=&#8221;4.17.3&#8243; bottom_divider_style=&#8221;slant&#8221; bottom_divider_color=&#8221;#FFFFFF&#8221; bottom_divider_flip=&#8221;horizontal&#8221; da_disable_devices=&#8221;off|off|off&#8221; locked=&#8221;off&#8221; global_colors_info=&#8221;{}&#8221; da_is_popup=&#8221;off&#8221; da_exit_intent=&#8221;off&#8221; da_has_close=&#8221;on&#8221; da_alt_close=&#8221;off&#8221; da_dark_close=&#8221;off&#8221; da_not_modal=&#8221;on&#8221; da_is_singular=&#8221;off&#8221; da_with_loader=&#8221;off&#8221; da_has_shadow=&#8221;on&#8221;][et_pb_fullwidth_header title=&#8221;Sertifik\u0101ti&#8221; text_orientation=&#8221;center&#8221; background_overlay_color=&#8221;rgba(52,81,104,0.43)&#8221; _builder_version=&#8221;4.17.3&#8243; title_font=&#8221;Lato|700|||||||&#8221; title_font_size=&#8221;46px&#8221; title_line_height=&#8221;1.5em&#8221; content_font=&#8221;Lato||||||||&#8221; content_font_size=&#8221;20px&#8221; content_line_height=&#8221;1.8em&#8221; subhead_font=&#8221;Lato|700|||||||&#8221; subhead_font_size=&#8221;25px&#8221; subhead_line_height=&#8221;1.5em&#8221; background_enable_color=&#8221;off&#8221; background_image=&#8221;https:\/\/hornbaekbaltic.com\/wp-content\/uploads\/2022\/05\/DSC_0831.webp&#8221; custom_margin=&#8221;|||&#8221; custom_padding=&#8221;5vw||150px||false&#8221; animation_style=&#8221;slide&#8221; animation_direction=&#8221;top&#8221; animation_intensity_slide=&#8221;2%&#8221; title_font_size_tablet=&#8221;36px&#8221; title_font_size_phone=&#8221;&#8221; title_font_size_last_edited=&#8221;on|phone&#8221; global_colors_info=&#8221;{}&#8221; button_one_text_size__hover_enabled=&#8221;off&#8221; button_two_text_size__hover_enabled=&#8221;off&#8221; button_one_text_color__hover_enabled=&#8221;off&#8221; button_two_text_color__hover_enabled=&#8221;off&#8221; button_one_border_width__hover_enabled=&#8221;off&#8221; button_two_border_width__hover_enabled=&#8221;off&#8221; button_one_border_color__hover_enabled=&#8221;off&#8221; button_two_border_color__hover_enabled=&#8221;off&#8221; button_one_border_radius__hover_enabled=&#8221;off&#8221; button_two_border_radius__hover_enabled=&#8221;off&#8221; button_one_letter_spacing__hover_enabled=&#8221;off&#8221; button_two_letter_spacing__hover_enabled=&#8221;off&#8221; button_one_bg_color__hover_enabled=&#8221;off&#8221; button_two_bg_color__hover_enabled=&#8221;off&#8221;][\/et_pb_fullwidth_header][\/et_pb_section][et_pb_section fb_built=&#8221;1&#8243; next_background_color=&#8221;#ffd088&#8243; admin_label=&#8221;What is Coaching?&#8221; _builder_version=&#8221;4.16&#8243; _module_preset=&#8221;default&#8221; background_color=&#8221;#ffffff&#8221; use_background_color_gradient=&#8221;on&#8221; background_color_gradient_stops=&#8221;#ffffff 0%|#f5f5f5 70%&#8221; background_color_gradient_overlays_image=&#8221;on&#8221; background_color_gradient_start=&#8221;#ffffff&#8221; background_color_gradient_end=&#8221;#f5f5f5&#8243; background_color_gradient_end_position=&#8221;70%&#8221; background_image=&#8221;https:\/\/hornbaekbaltic.com\/wp-content\/uploads\/2022\/04\/life-coach-03.jpg&#8221; custom_margin=&#8221;|||&#8221; custom_padding=&#8221;0px||0px||true&#8221; top_divider_color=&#8221;#f5f5f5&#8243; top_divider_flip=&#8221;vertical&#8221; top_divider_arrangement=&#8221;above_content&#8221; bottom_divider_style=&#8221;slant&#8221; bottom_divider_flip=&#8221;vertical&#8221; bottom_divider_arrangement=&#8221;above_content&#8221; da_disable_devices=&#8221;off|off|off&#8221; locked=&#8221;off&#8221; global_colors_info=&#8221;{}&#8221; da_is_popup=&#8221;off&#8221; da_exit_intent=&#8221;off&#8221; da_has_close=&#8221;on&#8221; da_alt_close=&#8221;off&#8221; da_dark_close=&#8221;off&#8221; da_not_modal=&#8221;on&#8221; da_is_singular=&#8221;off&#8221; da_with_loader=&#8221;off&#8221; da_has_shadow=&#8221;on&#8221;][et_pb_row column_structure=&#8221;1_2,1_2&#8243; use_custom_gutter=&#8221;on&#8221; gutter_width=&#8221;1&#8243; make_equal=&#8221;on&#8221; padding_top_bottom_link_1=&#8221;false&#8221; padding_top_bottom_link_2=&#8221;false&#8221; padding_left_right_link_1=&#8221;true&#8221; padding_left_right_link_2=&#8221;true&#8221; module_class=&#8221; et_pb_row_fullwidth&#8221; _builder_version=&#8221;4.16&#8243; _module_preset=&#8221;default&#8221; width=&#8221;100%&#8221; width_tablet=&#8221;100%&#8221; width_phone=&#8221;100%&#8221; width_last_edited=&#8221;on|desktop&#8221; max_width=&#8221;100%&#8221; max_width_tablet=&#8221;100%&#8221; max_width_phone=&#8221;100%&#8221; max_width_last_edited=&#8221;on|desktop&#8221; custom_padding=&#8221;0px|0|0px|0|true|false&#8221; make_fullwidth=&#8221;on&#8221; global_colors_info=&#8221;{}&#8221;][et_pb_column type=&#8221;1_2&#8243; _builder_version=&#8221;4.16&#8243; _module_preset=&#8221;default&#8221; use_background_color_gradient=&#8221;on&#8221; background_color_gradient_stops=&#8221;rgba(0,0,0,0) 0%|rgba(0,0,0,0.07) 100%&#8221; background_color_gradient_start=&#8221;rgba(0,0,0,0)&#8221; background_color_gradient_end=&#8221;rgba(0,0,0,0.07)&#8221; custom_padding=&#8221;5%|6%|10%|6%&#8221; custom_padding_tablet=&#8221;5%|6%|10%|6%&#8221; custom_padding_phone=&#8221;5%|6%|10%|6%&#8221; custom_padding_last_edited=&#8221;on|tablet&#8221; global_colors_info=&#8221;{}&#8221; padding_last_edited=&#8221;on|tablet&#8221; custom_padding__hover=&#8221;|||&#8221;][et_pb_blurb title=&#8221;FSC &#8211; me\u017ea apsaimnieko\u0161anas sertifik\u0101cija&#8221; image=&#8221;https:\/\/hornbaekbaltic.com\/wp-content\/uploads\/2024\/03\/FSC_C084439_Promotional_with_text_Portrait_GreenOnWhite_r_427QcD.png&#8221; image_icon_width=&#8221;90px&#8221; _builder_version=&#8221;4.24.2&#8243; _module_preset=&#8221;default&#8221; header_font=&#8221;Lato|700|||||||&#8221; header_text_align=&#8221;center&#8221; header_text_color=&#8221;#455860&#8243; header_font_size=&#8221;30px&#8221; header_letter_spacing=&#8221;1px&#8221; header_line_height=&#8221;1.2em&#8221; global_colors_info=&#8221;{}&#8221;][\/et_pb_blurb][et_pb_text admin_label=&#8221;Text&#8221; _builder_version=&#8221;4.17.3&#8243; _module_preset=&#8221;default&#8221; text_font=&#8221;Lato||||||||&#8221; text_font_size=&#8221;18px&#8221; text_line_height=&#8221;1.8em&#8221; link_font=&#8221;||||||||&#8221; ul_font=&#8221;||||||||&#8221; ol_font=&#8221;||||||||&#8221; quote_font=&#8221;||||||||&#8221; header_font=&#8221;||||||||&#8221; header_2_font=&#8221;Lato|700|||||||&#8221; header_2_font_size=&#8221;40px&#8221; header_2_letter_spacing=&#8221;1px&#8221; header_2_line_height=&#8221;1.5em&#8221; header_3_font=&#8221;||||||||&#8221; header_4_font=&#8221;||||||||&#8221; header_5_font=&#8221;||||||||&#8221; header_6_font=&#8221;Lato|700|||||||&#8221; header_6_font_size=&#8221;18px&#8221; header_6_letter_spacing=&#8221;1px&#8221; header_6_line_height=&#8221;1.8em&#8221; custom_margin=&#8221;20px||||false|false&#8221; header_2_font_size_tablet=&#8221;&#8221; header_2_font_size_phone=&#8221;22px&#8221; header_2_font_size_last_edited=&#8221;on|phone&#8221; locked=&#8221;off&#8221; global_colors_info=&#8221;{}&#8221;]<\/p>\n<p><span style=\"font-size: 18px;\">Sertifik\u0101cija nodro\u0161ina, ka uz\u0146\u0113mums izmanto kokmateri\u0101lus no me\u017eiem, kas tiek apsaimniekoti saska\u0146\u0101 ar FSC. FSC sertifik\u0101cija apliecina, ka me\u017es tiek apsaimniekots t\u0101, lai saglab\u0101tu biolo\u0123isko daudzveid\u012bbu un sniegtu labumu viet\u0113jiem iedz\u012bvot\u0101jiem un str\u0101dniekiem, vienlaikus nodro\u0161inot to ekonomisko dz\u012bvotsp\u0113ju. FSC sertific\u0113tie me\u017ei tiek apsaimniekoti saska\u0146\u0101 ar stingriem vides, soci\u0101lajiem un ekonomiskajiem standartiem.<\/span><span lang=\"lv-LV\"><\/span><\/p>\n<p><span lang=\"lv-LV\">Visi materi\u0101li, kas izmantoti produktos ar \u0161o mar\u0137\u0113jumu, ir ieg\u016bti no me\u017eiem, kurus ir p\u0101rbaud\u012bjusi neatkar\u012bga tre\u0161\u0101 puse, lai apstiprin\u0101tu, ka tie tiek apsaimniekoti saska\u0146\u0101 ar FSC stingriem soci\u0101lajiem un vides standartiem. No vis\u0101m FSC eti\u0137et\u0113m FSC 100% vistie\u0161\u0101k sniedz ieguld\u012bjumu FSC m\u0113r\u0137a sasnieg\u0161an\u0101 \u2014 me\u017ei visiem, uz visiem laikiem \u2014 un t\u0101d\u0113j\u0101di ir augst\u0101k\u0101 z\u012bme sertific\u0113tiem produktiem.<\/span><\/p>\n<p><span lang=\"lv-LV\">FSC principi un krit\u0113riji nodro\u0161ina pamatu visiem me\u017ea apsaimnieko\u0161anas standartiem vis\u0101 pasaul\u0113.<\/span><\/p>\n<p>[\/et_pb_text][et_pb_button button_url=&#8221;https:\/\/hornbaekbaltic.com\/wp-content\/uploads\/2025\/03\/Hornbaek-Baltic-AS-FSC-COC-Certificate-28.2.2025.pdf&#8221; button_text=&#8221;Skat\u012bt sertifik\u0101tu&#8221; _builder_version=&#8221;4.27.4&#8243; _module_preset=&#8221;default&#8221; custom_button=&#8221;on&#8221; button_text_size=&#8221;14px&#8221; button_text_color=&#8221;#ffffff&#8221; button_bg_color=&#8221;#ffb356&#8243; button_border_width=&#8221;12px&#8221; button_border_color=&#8221;#ffb356&#8243; button_border_radius=&#8221;50px&#8221; button_letter_spacing=&#8221;2px&#8221; button_font=&#8221;Lato|900||on|||||&#8221; button_icon=&#8221;&#x24;||divi||400&#8243; custom_margin=&#8221;50px||||false|false&#8221; custom_margin_tablet=&#8221;|0vw||0vw||true&#8221; custom_margin_last_edited=&#8221;off|desktop&#8221; custom_padding=&#8221;|||&#8221; hover_enabled=&#8221;0&#8243; locked=&#8221;off&#8221; global_colors_info=&#8221;{}&#8221; button_text_size__hover_enabled=&#8221;off&#8221; button_one_text_size__hover_enabled=&#8221;off&#8221; button_two_text_size__hover_enabled=&#8221;off&#8221; button_text_color__hover_enabled=&#8221;off&#8221; button_one_text_color__hover_enabled=&#8221;off&#8221; button_two_text_color__hover_enabled=&#8221;off&#8221; button_border_width__hover_enabled=&#8221;off&#8221; button_one_border_width__hover_enabled=&#8221;off&#8221; button_two_border_width__hover_enabled=&#8221;off&#8221; button_border_color__hover_enabled=&#8221;off&#8221; button_one_border_color__hover_enabled=&#8221;off&#8221; button_two_border_color__hover_enabled=&#8221;off&#8221; button_border_radius__hover_enabled=&#8221;off&#8221; button_one_border_radius__hover_enabled=&#8221;off&#8221; button_two_border_radius__hover_enabled=&#8221;off&#8221; button_letter_spacing__hover_enabled=&#8221;off&#8221; button_one_letter_spacing__hover_enabled=&#8221;off&#8221; button_two_letter_spacing__hover_enabled=&#8221;off&#8221; button_bg_color__hover_enabled=&#8221;off&#8221; button_one_bg_color__hover_enabled=&#8221;off&#8221; button_two_bg_color__hover_enabled=&#8221;off&#8221; sticky_enabled=&#8221;0&#8243;][\/et_pb_button][\/et_pb_column][et_pb_column type=&#8221;1_2&#8243; _builder_version=&#8221;4.16&#8243; _module_preset=&#8221;default&#8221; custom_padding=&#8221;5%|6%|10%|6%&#8221; custom_padding_tablet=&#8221;||150px|&#8221; custom_padding_phone=&#8221;||150px|&#8221; custom_padding_last_edited=&#8221;on|tablet&#8221; global_colors_info=&#8221;{}&#8221; padding_tablet=&#8221;||150px|&#8221; padding_last_edited=&#8221;on|tablet&#8221; custom_padding__hover=&#8221;|||&#8221; padding_phone=&#8221;||150px|&#8221;][et_pb_blurb title=&#8221;Iek\u0161telpu klimata mar\u0137\u0113juma sertifik\u0101cija&#8221; image=&#8221;https:\/\/hornbaekbaltic.com\/wp-content\/uploads\/2022\/05\/path1186.png&#8221; image_icon_width=&#8221;90px&#8221; _builder_version=&#8221;4.24.0&#8243; _module_preset=&#8221;default&#8221; header_font=&#8221;Lato|700|||||||&#8221; header_text_align=&#8221;center&#8221; header_text_color=&#8221;#455860&#8243; header_font_size=&#8221;30px&#8221; header_letter_spacing=&#8221;1px&#8221; header_line_height=&#8221;1.2em&#8221; locked=&#8221;off&#8221; global_colors_info=&#8221;{}&#8221;][\/et_pb_blurb][et_pb_text admin_label=&#8221;Text&#8221; _builder_version=&#8221;4.24.0&#8243; _module_preset=&#8221;default&#8221; text_font=&#8221;Lato||||||||&#8221; text_font_size=&#8221;18px&#8221; text_line_height=&#8221;1.8em&#8221; link_font=&#8221;||||||||&#8221; ul_font=&#8221;||||||||&#8221; ol_font=&#8221;||||||||&#8221; quote_font=&#8221;||||||||&#8221; header_font=&#8221;||||||||&#8221; header_2_font=&#8221;Lato|700|||||||&#8221; header_2_font_size=&#8221;40px&#8221; header_2_letter_spacing=&#8221;1px&#8221; header_2_line_height=&#8221;1.5em&#8221; header_3_font=&#8221;||||||||&#8221; header_4_font=&#8221;||||||||&#8221; header_5_font=&#8221;||||||||&#8221; header_6_font=&#8221;Lato|700|||||||&#8221; header_6_font_size=&#8221;18px&#8221; header_6_letter_spacing=&#8221;1px&#8221; header_6_line_height=&#8221;1.8em&#8221; custom_margin=&#8221;20px||||false|false&#8221; header_2_font_size_tablet=&#8221;&#8221; header_2_font_size_phone=&#8221;22px&#8221; header_2_font_size_last_edited=&#8221;on|phone&#8221; locked=&#8221;off&#8221; global_colors_info=&#8221;{}&#8221;]<\/p>\n<p> Vesel\u012bgs iek\u0161telpu klimats ir \u013coti svar\u012bgs m\u016bsu pa\u0161saj\u016btai. \u0160is sertifik\u0101ts nodro\u0161ina, ka l\u012bst\u0113m nav probl\u0113mu ar vesel\u012bbai kait\u012bgo \u0137\u012bmisko vielu izdali.<br \/>Iek\u0161telpu klimata mar\u0137\u0113jums nosaka pras\u012bbas produktam. Ir noteikta aug\u0161\u0113j\u0101 robe\u017ea, cik liela var b\u016bt izdale, t\u0101pat k\u0101 ir pras\u012bbas, kur\u0101m viel\u0101m ir \u0161\u012b izdale ir pie\u013caujama. Piem\u0113ram, no produktiem nedr\u012bkst izdal\u012bties kancerog\u0113ni. Turkl\u0101t ir pras\u012bbas attiec\u012bb\u0101 uz smar\u017eas iedarb\u012bbu, kas rodas no produkta. Iek\u0161telpu klimata mar\u0137\u0113jums, at\u0161\u0137ir\u012bb\u0101 no citiem ekomar\u0137\u0113jumiem, nosaka pras\u012bbas produktam t\u0101 lieto\u0161anas f\u0101z\u0113. Viena lieta ir \u0137\u012bmisko vielu saturs produkt\u0101, kas cits ir vielas, kas izdal\u0101s gais\u0101. Produkts, kas mar\u0137\u0113ts ar iek\u0161telpu klimata sertifik\u0101tu, ir r\u016bp\u012bgi p\u0101rbaud\u012bts, un tam ir dokument\u0101cija par \u0137\u012bmisko vielu izdal\u012b\u0161anos gais\u0101. Materi\u0101li ar iek\u0161telpu klimata mar\u0137\u0113jumu ir dabiska ilgtsp\u0113j\u012bgas b\u016bvniec\u012bbas sast\u0101vda\u013ca, kur laba iek\u0161telpu gaisa kvalit\u0101te veicina soci\u0101lo ilgtsp\u0113ju.<\/p>\n<p>[\/et_pb_text][\/et_pb_column][\/et_pb_row][\/et_pb_section]<\/p>\n","protected":false},"excerpt":{"rendered":"<p>Sertifik\u0101cija nodro\u0161ina, ka uz\u0146\u0113mums izmanto kokmateri\u0101lus no me\u017eiem, kas tiek apsaimniekoti saska\u0146\u0101 ar FSC. FSC sertifik\u0101cija apliecina, ka me\u017es tiek apsaimniekots t\u0101, lai saglab\u0101tu biolo\u0123isko daudzveid\u012bbu un sniegtu labumu viet\u0113jiem iedz\u012bvot\u0101jiem un str\u0101dniekiem, vienlaikus nodro\u0161inot to ekonomisko dz\u012bvotsp\u0113ju. FSC sertific\u0113tie me\u017ei tiek apsaimniekoti saska\u0146\u0101 ar stingriem vides, soci\u0101lajiem un ekonomiskajiem standartiem. Visi materi\u0101li, kas izmantoti [&hellip;]<\/p>\n","protected":false},"author":1,"featured_media":0,"parent":257298,"menu_order":0,"comment_status":"closed","ping_status":"closed","template":"","meta":{"_et_pb_use_builder":"on","_et_pb_old_content":"","_et_gb_content_width":"","footnotes":""},"class_list":["post-257301","page","type-page","status-publish","hentry"],"_links":{"self":[{"href":"https:\/\/hornbaekbaltic.com\/lv\/wp-json\/wp\/v2\/pages\/257301","targetHints":{"allow":["GET"]}}],"collection":[{"href":"https:\/\/hornbaekbaltic.com\/lv\/wp-json\/wp\/v2\/pages"}],"about":[{"href":"https:\/\/hornbaekbaltic.com\/lv\/wp-json\/wp\/v2\/types\/page"}],"author":[{"embeddable":true,"href":"https:\/\/hornbaekbaltic.com\/lv\/wp-json\/wp\/v2\/users\/1"}],"replies":[{"embeddable":true,"href":"https:\/\/hornbaekbaltic.com\/lv\/wp-json\/wp\/v2\/comments?post=257301"}],"version-history":[{"count":4,"href":"https:\/\/hornbaekbaltic.com\/lv\/wp-json\/wp\/v2\/pages\/257301\/revisions"}],"predecessor-version":[{"id":257336,"href":"https:\/\/hornbaekbaltic.com\/lv\/wp-json\/wp\/v2\/pages\/257301\/revisions\/257336"}],"up":[{"embeddable":true,"href":"https:\/\/hornbaekbaltic.com\/lv\/wp-json\/wp\/v2\/pages\/257298"}],"wp:attachment":[{"href":"https:\/\/hornbaekbaltic.com\/lv\/wp-json\/wp\/v2\/media?parent=257301"}],"curies":[{"name":"wp","href":"https:\/\/api.w.org\/{rel}","templated":true}]}}