{"id":257343,"date":"2025-03-14T09:01:53","date_gmt":"2025-03-14T09:01:53","guid":{"rendered":"https:\/\/hornbaekbaltic.com\/zinotaju-sistema\/"},"modified":"2025-03-25T10:53:37","modified_gmt":"2025-03-25T10:53:37","slug":"zinotaju-sistema","status":"publish","type":"page","link":"https:\/\/hornbaekbaltic.com\/lv\/zinotaju-sistema\/","title":{"rendered":"Zi\u0146ot\u0101ju sist\u0113ma"},"content":{"rendered":"<p>[et_pb_section fb_built=&#8221;1&#8243; fullwidth=&#8221;on&#8221; _builder_version=&#8221;4.17.3&#8243; bottom_divider_style=&#8221;slant&#8221; bottom_divider_color=&#8221;#FFFFFF&#8221; bottom_divider_flip=&#8221;horizontal&#8221; da_disable_devices=&#8221;off|off|off&#8221; locked=&#8221;off&#8221; global_colors_info=&#8221;{}&#8221; da_is_popup=&#8221;off&#8221; da_exit_intent=&#8221;off&#8221; da_has_close=&#8221;on&#8221; da_alt_close=&#8221;off&#8221; da_dark_close=&#8221;off&#8221; da_not_modal=&#8221;on&#8221; da_is_singular=&#8221;off&#8221; da_with_loader=&#8221;off&#8221; da_has_shadow=&#8221;on&#8221;][et_pb_fullwidth_header title=&#8221;Zi\u0146ot\u0101ju sist\u0113ma&#8221; text_orientation=&#8221;center&#8221; background_overlay_color=&#8221;rgba(52,81,104,0.43)&#8221; _builder_version=&#8221;4.27.4&#8243; title_font=&#8221;Lato|700|||||||&#8221; title_font_size=&#8221;46px&#8221; title_line_height=&#8221;1.5em&#8221; content_font=&#8221;Lato||||||||&#8221; content_font_size=&#8221;20px&#8221; content_line_height=&#8221;1.8em&#8221; subhead_font=&#8221;Lato|700|||||||&#8221; subhead_font_size=&#8221;25px&#8221; subhead_line_height=&#8221;1.5em&#8221; background_enable_color=&#8221;off&#8221; background_image=&#8221;https:\/\/hornbaekbaltic.com\/wp-content\/uploads\/2022\/05\/DSC_0831.webp&#8221; custom_margin=&#8221;|||&#8221; custom_padding=&#8221;5vw||150px||false&#8221; animation_style=&#8221;slide&#8221; animation_direction=&#8221;top&#8221; animation_intensity_slide=&#8221;2%&#8221; title_font_size_tablet=&#8221;36px&#8221; title_font_size_phone=&#8221;&#8221; title_font_size_last_edited=&#8221;on|phone&#8221; global_colors_info=&#8221;{}&#8221; button_one_text_size__hover_enabled=&#8221;off&#8221; button_two_text_size__hover_enabled=&#8221;off&#8221; button_one_text_color__hover_enabled=&#8221;off&#8221; button_two_text_color__hover_enabled=&#8221;off&#8221; button_one_border_width__hover_enabled=&#8221;off&#8221; button_two_border_width__hover_enabled=&#8221;off&#8221; button_one_border_color__hover_enabled=&#8221;off&#8221; button_two_border_color__hover_enabled=&#8221;off&#8221; button_one_border_radius__hover_enabled=&#8221;off&#8221; button_two_border_radius__hover_enabled=&#8221;off&#8221; button_one_letter_spacing__hover_enabled=&#8221;off&#8221; button_two_letter_spacing__hover_enabled=&#8221;off&#8221; button_one_bg_color__hover_enabled=&#8221;off&#8221; button_two_bg_color__hover_enabled=&#8221;off&#8221;][\/et_pb_fullwidth_header][\/et_pb_section][et_pb_section fb_built=&#8221;1&#8243; next_background_color=&#8221;#ffd088&#8243; admin_label=&#8221;What is Coaching?&#8221; _builder_version=&#8221;4.16&#8243; _module_preset=&#8221;default&#8221; background_color=&#8221;#ffffff&#8221; use_background_color_gradient=&#8221;on&#8221; background_color_gradient_stops=&#8221;#ffffff 0%|#f5f5f5 70%&#8221; background_color_gradient_overlays_image=&#8221;on&#8221; background_color_gradient_start=&#8221;#ffffff&#8221; background_color_gradient_end=&#8221;#f5f5f5&#8243; background_color_gradient_end_position=&#8221;70%&#8221; background_image=&#8221;https:\/\/hornbaekbaltic.com\/wp-content\/uploads\/2022\/04\/life-coach-03.jpg&#8221; custom_margin=&#8221;|||&#8221; custom_padding=&#8221;0px||0px||true&#8221; top_divider_color=&#8221;#f5f5f5&#8243; top_divider_flip=&#8221;vertical&#8221; top_divider_arrangement=&#8221;above_content&#8221; bottom_divider_style=&#8221;slant&#8221; bottom_divider_flip=&#8221;vertical&#8221; bottom_divider_arrangement=&#8221;above_content&#8221; da_disable_devices=&#8221;off|off|off&#8221; locked=&#8221;off&#8221; global_colors_info=&#8221;{}&#8221; da_is_popup=&#8221;off&#8221; da_exit_intent=&#8221;off&#8221; da_has_close=&#8221;on&#8221; da_alt_close=&#8221;off&#8221; da_dark_close=&#8221;off&#8221; da_not_modal=&#8221;on&#8221; da_is_singular=&#8221;off&#8221; da_with_loader=&#8221;off&#8221; da_has_shadow=&#8221;on&#8221;][et_pb_row use_custom_gutter=&#8221;on&#8221; gutter_width=&#8221;1&#8243; make_equal=&#8221;on&#8221; padding_top_bottom_link_1=&#8221;false&#8221; padding_top_bottom_link_2=&#8221;false&#8221; padding_left_right_link_1=&#8221;true&#8221; padding_left_right_link_2=&#8221;true&#8221; module_class=&#8221; et_pb_row_fullwidth&#8221; _builder_version=&#8221;4.27.4&#8243; _module_preset=&#8221;default&#8221; width=&#8221;100%&#8221; width_tablet=&#8221;100%&#8221; width_phone=&#8221;100%&#8221; width_last_edited=&#8221;on|desktop&#8221; max_width=&#8221;100%&#8221; max_width_tablet=&#8221;100%&#8221; max_width_phone=&#8221;100%&#8221; max_width_last_edited=&#8221;on|desktop&#8221; custom_padding=&#8221;0px|0|0px|0|true|false&#8221; make_fullwidth=&#8221;on&#8221; global_colors_info=&#8221;{}&#8221;][et_pb_column type=&#8221;4_4&#8243; _builder_version=&#8221;4.16&#8243; _module_preset=&#8221;default&#8221; use_background_color_gradient=&#8221;on&#8221; background_color_gradient_stops=&#8221;rgba(0,0,0,0) 0%|rgba(0,0,0,0.07) 100%&#8221; background_color_gradient_start=&#8221;rgba(0,0,0,0)&#8221; background_color_gradient_end=&#8221;rgba(0,0,0,0.07)&#8221; custom_padding=&#8221;5%|6%|10%|6%&#8221; custom_padding_tablet=&#8221;5%|6%|10%|6%&#8221; custom_padding_phone=&#8221;5%|6%|10%|6%&#8221; custom_padding_last_edited=&#8221;on|tablet&#8221; global_colors_info=&#8221;{}&#8221; padding_last_edited=&#8221;on|tablet&#8221; custom_padding__hover=&#8221;|||&#8221;][et_pb_text admin_label=&#8221;Text&#8221; _builder_version=&#8221;4.27.4&#8243; _module_preset=&#8221;default&#8221; text_font=&#8221;Lato||||||||&#8221; text_font_size=&#8221;18px&#8221; text_line_height=&#8221;1.8em&#8221; link_font=&#8221;||||||||&#8221; ul_font=&#8221;||||||||&#8221; ol_font=&#8221;||||||||&#8221; quote_font=&#8221;||||||||&#8221; header_font=&#8221;||||||||&#8221; header_2_font=&#8221;Lato|700|||||||&#8221; header_2_font_size=&#8221;40px&#8221; header_2_letter_spacing=&#8221;1px&#8221; header_2_line_height=&#8221;1.5em&#8221; header_3_font=&#8221;||||||||&#8221; header_4_font=&#8221;||||||||&#8221; header_5_font=&#8221;||||||||&#8221; header_6_font=&#8221;Lato|700|||||||&#8221; header_6_font_size=&#8221;18px&#8221; header_6_letter_spacing=&#8221;1px&#8221; header_6_line_height=&#8221;1.8em&#8221; text_orientation=&#8221;justified&#8221; custom_margin=&#8221;20px||||false|false&#8221; hover_enabled=&#8221;0&#8243; header_2_font_size_tablet=&#8221;&#8221; header_2_font_size_phone=&#8221;22px&#8221; header_2_font_size_last_edited=&#8221;on|phone&#8221; locked=&#8221;off&#8221; global_colors_info=&#8221;{}&#8221; sticky_enabled=&#8221;0&#8243;]<\/p>\n<p>Hornbaek Baltic AS ir da\u013ca no JPS Marselis grupas, kas ir izveidojusi grupas iek\u0161\u0113jo trauksmes c\u0113l\u0113ju sh\u0113mu, kuru p\u0101rvalda JPS Marselis ApS. JPS Marselis grupas trauksmes c\u0113l\u0113ju sist\u0113ma \u013cauj darbiniekiem, klientiem, pieg\u0101d\u0101t\u0101jiem, partneriem un cit\u0101m ieinteres\u0113taj\u0101m person\u0101m, kas saist\u012btas ar JPS Marselis grupas uz\u0146\u0113mumiem, labtic\u012bgi un bez represiju riska zi\u0146ot par aizdom\u0101m vai konkr\u0113t\u0101m zi\u0146\u0101m par ES ties\u012bbu aktu likump\u0101rk\u0101pumiem, nopietniem p\u0101rk\u0101pumiem vai citiem nopietniem jaut\u0101jumiem JPS Marselis grup\u0101, piem\u0113ram:<\/p>\n<ul>\n<li>finan\u0161u l\u012bdzek\u013cu \u013caunpr\u0101t\u012bgu izmanto\u0161anu, z\u0101dz\u012bbu, kr\u0101p\u0161anu, piesavin\u0101\u0161anos, kuku\u013co\u0161anu un dokumentu vilto\u0161anu;<\/li>\n<li>nopietniem darba dro\u0161\u012bbas un vides aizsardz\u012bbas noteikumu p\u0101rk\u0101pumiem;<\/li>\n<li>draudiem, fizisku vardarb\u012bbu, seksu\u0101lu uzm\u0101k\u0161anos vai citu nopietnu uzm\u0101k\u0161anos.<\/li>\n<\/ul>\n<p>Zi\u0146ojumi j\u0101iesniedz, izmantojot tie\u0161saistes veidlapu, kas pieejama vietn\u0113 <a href=\"https:\/\/jpsmarselis.dk\/trauksmes-celsanas-kartiba\/\">https:\/\/jpsmarselis.dk\/trauksmes-celsanas-kartiba\/,<\/a> vai izmantojot Hornbaek Baltic \u012bpa\u0161o tie\u0161saistes veidlapu, kas nor\u0101d\u012bta turpm\u0101k. Veidlapu var aizpild\u012bt latvie\u0161u vai ang\u013cu valod\u0101, ja v\u0113laties. Zi\u0146ojumi ir konfidenci\u0101li. Hornbaek Baltic visus zi\u0146ojumus, kas iesniegti, izmantojot zem\u0101k nor\u0101d\u012bto tie\u0161saistes veidlapu, p\u0101rs\u016bt\u012bs JPS Marselis ApS, lai tos centraliz\u0113ti apstr\u0101d\u0101tu grupas iek\u0161\u0113j\u0101 zi\u0146ot\u0101ju strukt\u016brvien\u012bba.<\/p>\n<p>Visi zi\u0146ojumi, kas sa\u0146emti saska\u0146\u0101 ar trauksmes c\u0113l\u0113ju sist\u0113mu, tiks apstr\u0101d\u0101ti saska\u0146\u0101 ar JPS Marselis Group <a href=\"https:\/\/hornbaekbaltic.com\/lv\/trauksmes-celeju-politika\/\">trauksmes c\u0113l\u0113ju politiku<\/a>, kur\u0101 cita starp\u0101 ir izkl\u0101st\u012bts, par ko J\u016bs varat zi\u0146ot, k\u0101 tiek izskat\u012bts zi\u0146ojums un iesaist\u012bto personu ties\u012bbas. Pirms zi\u0146ojuma iesnieg\u0161anas aicin\u0101m iepaz\u012bties ar trauksmes c\u0113l\u0113ju politiku.<br \/><a href=\"https:\/\/hornbaekbaltic.com\/lv\/privatuma-politika\/\">Priv\u0101tuma politik\u0101<\/a> attiec\u012bb\u0101 uz trauksmes c\u0113l\u0113ju sist\u0113mu ir izkl\u0101st\u012bts, k\u0101 JPS Marselis Group uz\u0146\u0113mumi apstr\u0101d\u0101 personas datus saist\u012bb\u0101 ar inform\u0101ciju, kas atkl\u0101ta trauksmes c\u0113l\u0113ju sist\u0113mas ietvaros.<\/p>\n<p>[\/et_pb_text][et_pb_text admin_label=&#8221;Text&#8221; _builder_version=&#8221;4.27.4&#8243; _module_preset=&#8221;default&#8221; text_font=&#8221;Lato||||||||&#8221; text_font_size=&#8221;18px&#8221; text_line_height=&#8221;1.8em&#8221; link_font=&#8221;||||||||&#8221; ul_font=&#8221;||||||||&#8221; ol_font=&#8221;||||||||&#8221; quote_font=&#8221;||||||||&#8221; header_font=&#8221;||||||||&#8221; header_2_font=&#8221;Lato|700|||||||&#8221; header_2_font_size=&#8221;40px&#8221; header_2_letter_spacing=&#8221;1px&#8221; header_2_line_height=&#8221;1.5em&#8221; header_3_font=&#8221;||||||||&#8221; header_4_font=&#8221;||||||||&#8221; header_5_font=&#8221;||||||||&#8221; header_6_font=&#8221;Lato|700|||||||&#8221; header_6_font_size=&#8221;18px&#8221; header_6_letter_spacing=&#8221;1px&#8221; header_6_line_height=&#8221;1.8em&#8221; text_orientation=&#8221;justified&#8221; custom_margin=&#8221;20px||||false|false&#8221; header_2_font_size_tablet=&#8221;&#8221; header_2_font_size_phone=&#8221;22px&#8221; header_2_font_size_last_edited=&#8221;on|phone&#8221; locked=&#8221;off&#8221; global_colors_info=&#8221;{}&#8221;]<\/p>\n<h2>Iesniedziet zi\u0146ojumu \u0161eit<\/h2>\n<p><strong>Anonimit\u0101te<\/p>\n<p><\/strong>Ja v\u0113laties zi\u0146ojumu iesniegt anon\u012bmi, NEAIZPILDIET ievades laukus, kuros tiek pras\u012bts nor\u0101d\u012bt savu v\u0101rdu un kontaktinform\u0101ciju. Ja v\u0113laties zi\u0146ojumu iesniegt anon\u012bmi, bet tom\u0113r v\u0113laties sa\u0146emt atgriezenisko saiti par savu zi\u0146ojumu, l\u016bdzu, aizpildiet ievades laukus, nor\u0101dot anon\u012bmu e-pasta adresi vai t\u0101lru\u0146a numuru. Ja v\u0113laties iesniegt zi\u0146ojumu un b\u016bt identific\u0113ts, aizpildiet ieraksta laukus, kuros l\u016bdz nor\u0101d\u012bt v\u0101rdu, uzv\u0101rdu un kontaktinform\u0101ciju. Zi\u0146ojums j\u0101iesniedz, izmantojot \u0161\u0101du veidlapu:<\/p>\n<p>[\/et_pb_text][et_pb_contact_form captcha=&#8221;off&#8221; email=&#8221;zinojums@hornbaek.com&#8221; submit_button_text=&#8221;Nos\u016bt\u012bt zi\u0146ojumu&#8221; module_id=&#8221;et_pb_contact_form_0&#8243; _builder_version=&#8221;4.27.4&#8243; _module_preset=&#8221;default&#8221; form_field_background_color=&#8221;#edf0f7&#8243; title_font=&#8221;||||||||&#8221; form_field_font=&#8221;Lato||||||||&#8221; form_field_font_size=&#8221;16px&#8221; custom_button=&#8221;on&#8221; button_text_size=&#8221;14px&#8221; button_text_color=&#8221;#ffffff&#8221; button_bg_color=&#8221;#ffb356&#8243; button_border_width=&#8221;12px&#8221; button_border_color=&#8221;#ffb356&#8243; button_border_radius=&#8221;50px&#8221; button_letter_spacing=&#8221;2px&#8221; button_font=&#8221;Lato|900||on|||||&#8221; button_icon=&#8221;&#x24;||divi||400&#8243; module_alignment=&#8221;center&#8221; custom_margin=&#8221;50px||||false|false&#8221; animation_style=&#8221;slide&#8221; animation_direction=&#8221;bottom&#8221; animation_intensity_slide=&#8221;5%&#8221; border_radii=&#8221;on|3px|3px|3px|3px&#8221; form_background_color=&#8221;#edf0f7&#8243; locked=&#8221;off&#8221; global_colors_info=&#8221;{}&#8221;][et_pb_contact_field field_id=&#8221;Full_Name&#8221; field_title=&#8221;V\u0101rds un uzv\u0101rds (p\u0113c izv\u0113les)&#8221; required_mark=&#8221;off&#8221; _builder_version=&#8221;4.27.4&#8243; _module_preset=&#8221;default&#8221; global_colors_info=&#8221;{}&#8221; button_text_size__hover_enabled=&#8221;off&#8221; button_one_text_size__hover_enabled=&#8221;off&#8221; button_two_text_size__hover_enabled=&#8221;off&#8221; button_text_color__hover_enabled=&#8221;off&#8221; button_one_text_color__hover_enabled=&#8221;off&#8221; button_two_text_color__hover_enabled=&#8221;off&#8221; button_border_width__hover_enabled=&#8221;off&#8221; button_one_border_width__hover_enabled=&#8221;off&#8221; button_two_border_width__hover_enabled=&#8221;off&#8221; button_border_color__hover_enabled=&#8221;off&#8221; button_one_border_color__hover_enabled=&#8221;off&#8221; button_two_border_color__hover_enabled=&#8221;off&#8221; button_border_radius__hover_enabled=&#8221;off&#8221; button_one_border_radius__hover_enabled=&#8221;off&#8221; button_two_border_radius__hover_enabled=&#8221;off&#8221; button_letter_spacing__hover_enabled=&#8221;off&#8221; button_one_letter_spacing__hover_enabled=&#8221;off&#8221; button_two_letter_spacing__hover_enabled=&#8221;off&#8221; button_bg_color__hover_enabled=&#8221;off&#8221; button_one_bg_color__hover_enabled=&#8221;off&#8221; button_two_bg_color__hover_enabled=&#8221;off&#8221;][\/et_pb_contact_field][et_pb_contact_field field_id=&#8221;Company_name&#8221; field_title=&#8221;Uz\u0146\u0113muma nosaukums (p\u0113c izv\u0113les)&#8221; required_mark=&#8221;off&#8221; _builder_version=&#8221;4.27.4&#8243; _module_preset=&#8221;default&#8221; global_colors_info=&#8221;{}&#8221; button_text_size__hover_enabled=&#8221;off&#8221; button_one_text_size__hover_enabled=&#8221;off&#8221; button_two_text_size__hover_enabled=&#8221;off&#8221; button_text_color__hover_enabled=&#8221;off&#8221; button_one_text_color__hover_enabled=&#8221;off&#8221; button_two_text_color__hover_enabled=&#8221;off&#8221; button_border_width__hover_enabled=&#8221;off&#8221; button_one_border_width__hover_enabled=&#8221;off&#8221; button_two_border_width__hover_enabled=&#8221;off&#8221; button_border_color__hover_enabled=&#8221;off&#8221; button_one_border_color__hover_enabled=&#8221;off&#8221; button_two_border_color__hover_enabled=&#8221;off&#8221; button_border_radius__hover_enabled=&#8221;off&#8221; button_one_border_radius__hover_enabled=&#8221;off&#8221; button_two_border_radius__hover_enabled=&#8221;off&#8221; button_letter_spacing__hover_enabled=&#8221;off&#8221; button_one_letter_spacing__hover_enabled=&#8221;off&#8221; button_two_letter_spacing__hover_enabled=&#8221;off&#8221; button_bg_color__hover_enabled=&#8221;off&#8221; button_one_bg_color__hover_enabled=&#8221;off&#8221; button_two_bg_color__hover_enabled=&#8221;off&#8221;][\/et_pb_contact_field][et_pb_contact_field field_id=&#8221;Email&#8221; field_title=&#8221;E-pasts (p\u0113c izv\u0113les)&#8221; field_type=&#8221;email&#8221; required_mark=&#8221;off&#8221; _builder_version=&#8221;4.27.4&#8243; _module_preset=&#8221;default&#8221; global_colors_info=&#8221;{}&#8221; button_text_size__hover_enabled=&#8221;off&#8221; button_one_text_size__hover_enabled=&#8221;off&#8221; button_two_text_size__hover_enabled=&#8221;off&#8221; button_text_color__hover_enabled=&#8221;off&#8221; button_one_text_color__hover_enabled=&#8221;off&#8221; button_two_text_color__hover_enabled=&#8221;off&#8221; button_border_width__hover_enabled=&#8221;off&#8221; button_one_border_width__hover_enabled=&#8221;off&#8221; button_two_border_width__hover_enabled=&#8221;off&#8221; button_border_color__hover_enabled=&#8221;off&#8221; button_one_border_color__hover_enabled=&#8221;off&#8221; button_two_border_color__hover_enabled=&#8221;off&#8221; button_border_radius__hover_enabled=&#8221;off&#8221; button_one_border_radius__hover_enabled=&#8221;off&#8221; button_two_border_radius__hover_enabled=&#8221;off&#8221; button_letter_spacing__hover_enabled=&#8221;off&#8221; button_one_letter_spacing__hover_enabled=&#8221;off&#8221; button_two_letter_spacing__hover_enabled=&#8221;off&#8221; button_bg_color__hover_enabled=&#8221;off&#8221; button_one_bg_color__hover_enabled=&#8221;off&#8221; button_two_bg_color__hover_enabled=&#8221;off&#8221;][\/et_pb_contact_field][et_pb_contact_field field_id=&#8221;Phone_Number&#8221; field_title=&#8221;T\u0101lru\u0146a numurs (p\u0113c izv\u0113les)&#8221; required_mark=&#8221;off&#8221; _builder_version=&#8221;4.27.4&#8243; _module_preset=&#8221;default&#8221; global_colors_info=&#8221;{}&#8221; button_text_size__hover_enabled=&#8221;off&#8221; button_one_text_size__hover_enabled=&#8221;off&#8221; button_two_text_size__hover_enabled=&#8221;off&#8221; button_text_color__hover_enabled=&#8221;off&#8221; button_one_text_color__hover_enabled=&#8221;off&#8221; button_two_text_color__hover_enabled=&#8221;off&#8221; button_border_width__hover_enabled=&#8221;off&#8221; button_one_border_width__hover_enabled=&#8221;off&#8221; button_two_border_width__hover_enabled=&#8221;off&#8221; button_border_color__hover_enabled=&#8221;off&#8221; button_one_border_color__hover_enabled=&#8221;off&#8221; button_two_border_color__hover_enabled=&#8221;off&#8221; button_border_radius__hover_enabled=&#8221;off&#8221; button_one_border_radius__hover_enabled=&#8221;off&#8221; button_two_border_radius__hover_enabled=&#8221;off&#8221; button_letter_spacing__hover_enabled=&#8221;off&#8221; button_one_letter_spacing__hover_enabled=&#8221;off&#8221; button_two_letter_spacing__hover_enabled=&#8221;off&#8221; button_bg_color__hover_enabled=&#8221;off&#8221; button_one_bg_color__hover_enabled=&#8221;off&#8221; button_two_bg_color__hover_enabled=&#8221;off&#8221;][\/et_pb_contact_field][et_pb_contact_field field_id=&#8221;Title&#8221; field_title=&#8221;Nosaukums (p\u0113c izv\u0113les)&#8221; fullwidth_field=&#8221;on&#8221; _builder_version=&#8221;4.27.4&#8243; _module_preset=&#8221;default&#8221; global_colors_info=&#8221;{}&#8221;][\/et_pb_contact_field][et_pb_contact_field field_id=&#8221;Message&#8221; field_title=&#8221;L\u016bdzu, s\u012bki aprakstiet jaut\u0101jumu un nor\u0101diet, uz kuru uz\u0146\u0113mumu un uz kuru personu vai person\u0101m, ja t\u0101das ir, \u0161is jaut\u0101jums attiecas (j\u0101aizpilda).&#8221; field_type=&#8221;text&#8221; fullwidth_field=&#8221;on&#8221; _builder_version=&#8221;4.27.4&#8243; _module_preset=&#8221;default&#8221; height=&#8221;407px&#8221; global_colors_info=&#8221;{}&#8221; button_text_size__hover_enabled=&#8221;off&#8221; button_one_text_size__hover_enabled=&#8221;off&#8221; button_two_text_size__hover_enabled=&#8221;off&#8221; button_text_color__hover_enabled=&#8221;off&#8221; button_one_text_color__hover_enabled=&#8221;off&#8221; button_two_text_color__hover_enabled=&#8221;off&#8221; button_border_width__hover_enabled=&#8221;off&#8221; button_one_border_width__hover_enabled=&#8221;off&#8221; button_two_border_width__hover_enabled=&#8221;off&#8221; button_border_color__hover_enabled=&#8221;off&#8221; button_one_border_color__hover_enabled=&#8221;off&#8221; button_two_border_color__hover_enabled=&#8221;off&#8221; button_border_radius__hover_enabled=&#8221;off&#8221; button_one_border_radius__hover_enabled=&#8221;off&#8221; button_two_border_radius__hover_enabled=&#8221;off&#8221; button_letter_spacing__hover_enabled=&#8221;off&#8221; button_one_letter_spacing__hover_enabled=&#8221;off&#8221; button_two_letter_spacing__hover_enabled=&#8221;off&#8221; button_bg_color__hover_enabled=&#8221;off&#8221; button_one_bg_color__hover_enabled=&#8221;off&#8221; button_two_bg_color__hover_enabled=&#8221;off&#8221;][\/et_pb_contact_field][\/et_pb_contact_form][\/et_pb_column][\/et_pb_row][\/et_pb_section]<\/p>\n","protected":false},"excerpt":{"rendered":"<p>Hornbaek Baltic AS ir da\u013ca no JPS Marselis grupas, kas ir izveidojusi grupas iek\u0161\u0113jo trauksmes c\u0113l\u0113ju sh\u0113mu, kuru p\u0101rvalda JPS Marselis ApS. JPS Marselis grupas trauksmes c\u0113l\u0113ju sist\u0113ma \u013cauj darbiniekiem, klientiem, pieg\u0101d\u0101t\u0101jiem, partneriem un cit\u0101m ieinteres\u0113taj\u0101m person\u0101m, kas saist\u012btas ar JPS Marselis grupas uz\u0146\u0113mumiem, labtic\u012bgi un bez represiju riska zi\u0146ot par aizdom\u0101m vai konkr\u0113t\u0101m zi\u0146\u0101m [&hellip;]<\/p>\n","protected":false},"author":1,"featured_media":0,"parent":0,"menu_order":0,"comment_status":"closed","ping_status":"closed","template":"","meta":{"_et_pb_use_builder":"on","_et_pb_old_content":"","_et_gb_content_width":"","footnotes":""},"class_list":["post-257343","page","type-page","status-publish","hentry"],"_links":{"self":[{"href":"https:\/\/hornbaekbaltic.com\/lv\/wp-json\/wp\/v2\/pages\/257343","targetHints":{"allow":["GET"]}}],"collection":[{"href":"https:\/\/hornbaekbaltic.com\/lv\/wp-json\/wp\/v2\/pages"}],"about":[{"href":"https:\/\/hornbaekbaltic.com\/lv\/wp-json\/wp\/v2\/types\/page"}],"author":[{"embeddable":true,"href":"https:\/\/hornbaekbaltic.com\/lv\/wp-json\/wp\/v2\/users\/1"}],"replies":[{"embeddable":true,"href":"https:\/\/hornbaekbaltic.com\/lv\/wp-json\/wp\/v2\/comments?post=257343"}],"version-history":[{"count":8,"href":"https:\/\/hornbaekbaltic.com\/lv\/wp-json\/wp\/v2\/pages\/257343\/revisions"}],"predecessor-version":[{"id":257396,"href":"https:\/\/hornbaekbaltic.com\/lv\/wp-json\/wp\/v2\/pages\/257343\/revisions\/257396"}],"wp:attachment":[{"href":"https:\/\/hornbaekbaltic.com\/lv\/wp-json\/wp\/v2\/media?parent=257343"}],"curies":[{"name":"wp","href":"https:\/\/api.w.org\/{rel}","templated":true}]}}